{"id":1327,"date":"2022-08-31T08:59:09","date_gmt":"2022-08-31T08:59:09","guid":{"rendered":"https:\/\/www.elektra-kuenten.ch\/?page_id=1327"},"modified":"2022-08-31T09:07:41","modified_gmt":"2022-08-31T09:07:41","slug":"archiv-2018","status":"publish","type":"page","link":"https:\/\/www.elektra-kuenten.ch\/?page_id=1327","title":{"rendered":"ARCHIV 2018"},"content":{"rendered":"<p><strong>Elektra-Ausflug<\/strong><\/p>\n<p>Am Samstag, 22.09.2018, durften wir bei herrlichem Sp\u00e4tsommer-Wetter einen spannenden Tag mit unseren<br \/>\nGenossenschaftsmitgliedern verbringen.<\/p>\n<p>P\u00fcnktlich fuhren wir mit dem Car nach Fisibach in&#8217;s EBIANUM. Dort gab es Kafi und Gipfeli und anschliessend<br \/>\neine interessante Besichtigung im Museum. Zum Mittagessen fuhren wir weiter nach Rheinau wo wir im<br \/>\nRestaurant Klostergarten sehr fein verk\u00f6stigt wurden.<br \/>\nNach der 1 1\/2-st\u00fcndigen Mittagspause durften wir das Boot besteigen, welches uns flussaufw\u00e4rts Richtung<br \/>\nRheinfall brachte. Mit einem Fussmarsch und einem kleinen Imbiss im Schloss Laufen traten wir den Heim-<br \/>\nweg nach K\u00fcnten an.<br \/>\nWir bedanken uns f\u00fcr die Teilnahme und den tollen Tag, welchen wir gemeinsam verbringen durften !<\/p>\n\n\t\t<style type=\"text\/css\">\n\t\t\t#gallery-2 {\n\t\t\t\tmargin: auto;\n\t\t\t}\n\t\t\t#gallery-2 .gallery-item {\n\t\t\t\tfloat: left;\n\t\t\t\tmargin-top: 10px;\n\t\t\t\ttext-align: center;\n\t\t\t\twidth: 33%;\n\t\t\t}\n\t\t\t#gallery-2 img {\n\t\t\t\tborder: 2px solid #cfcfcf;\n\t\t\t}\n\t\t\t#gallery-2 .gallery-caption {\n\t\t\t\tmargin-left: 0;\n\t\t\t}\n\t\t\t\/* see gallery_shortcode() in wp-includes\/media.php *\/\n\t\t<\/style>\n\t\t<div id='gallery-2' class='gallery galleryid-1327 gallery-columns-3 gallery-size-medium'><dl class='gallery-item'>\n\t\t\t<dt class='gallery-icon landscape'>\n\t\t\t\t<a class=\"grouped_elements\" rel=\"tc-fancybox-group\" href=\"https:\/\/www.elektra-kuenten.ch\/wp-content\/uploads\/2018\/10\/IMG_7369_1024_768.jpg\" title=\"IMG_7369_1024_768\"><img loading=\"lazy\" decoding=\"async\" width=\"200\" height=\"150\" src=\"https:\/\/www.elektra-kuenten.ch\/wp-content\/uploads\/2018\/10\/IMG_7369_1024_768-200x150.jpg\" class=\"attachment-medium size-medium\" alt=\"\" srcset=\"https:\/\/www.elektra-kuenten.ch\/wp-content\/uploads\/2018\/10\/IMG_7369_1024_768-200x150.jpg 200w, https:\/\/www.elektra-kuenten.ch\/wp-content\/uploads\/2018\/10\/IMG_7369_1024_768-768x576.jpg 768w, https:\/\/www.elektra-kuenten.ch\/wp-content\/uploads\/2018\/10\/IMG_7369_1024_768.jpg 1024w\" sizes=\"auto, (max-width: 200px) 100vw, 200px\" \/><\/a>\n\t\t\t<\/dt><\/dl><dl class='gallery-item'>\n\t\t\t<dt class='gallery-icon landscape'>\n\t\t\t\t<a class=\"grouped_elements\" rel=\"tc-fancybox-group\" href=\"https:\/\/www.elektra-kuenten.ch\/wp-content\/uploads\/2018\/10\/IMG_7306_1024_768.jpg\" title=\"IMG_7306_1024_768\"><img loading=\"lazy\" decoding=\"async\" width=\"200\" height=\"150\" src=\"https:\/\/www.elektra-kuenten.ch\/wp-content\/uploads\/2018\/10\/IMG_7306_1024_768-200x150.jpg\" class=\"attachment-medium size-medium\" alt=\"\" srcset=\"https:\/\/www.elektra-kuenten.ch\/wp-content\/uploads\/2018\/10\/IMG_7306_1024_768-200x150.jpg 200w, https:\/\/www.elektra-kuenten.ch\/wp-content\/uploads\/2018\/10\/IMG_7306_1024_768-768x576.jpg 768w, https:\/\/www.elektra-kuenten.ch\/wp-content\/uploads\/2018\/10\/IMG_7306_1024_768.jpg 1024w\" sizes=\"auto, (max-width: 200px) 100vw, 200px\" \/><\/a>\n\t\t\t<\/dt><\/dl><dl class='gallery-item'>\n\t\t\t<dt class='gallery-icon portrait'>\n\t\t\t\t<a class=\"grouped_elements\" rel=\"tc-fancybox-group\" href=\"https:\/\/www.elektra-kuenten.ch\/wp-content\/uploads\/2018\/10\/IMG_7360_768_1024.jpg\" title=\"IMG_7360_768_1024\"><img loading=\"lazy\" decoding=\"async\" width=\"150\" height=\"200\" src=\"https:\/\/www.elektra-kuenten.ch\/wp-content\/uploads\/2018\/10\/IMG_7360_768_1024-150x200.jpg\" class=\"attachment-medium size-medium\" alt=\"\" srcset=\"https:\/\/www.elektra-kuenten.ch\/wp-content\/uploads\/2018\/10\/IMG_7360_768_1024-150x200.jpg 150w, https:\/\/www.elektra-kuenten.ch\/wp-content\/uploads\/2018\/10\/IMG_7360_768_1024.jpg 768w\" sizes=\"auto, (max-width: 150px) 100vw, 150px\" \/><\/a>\n\t\t\t<\/dt><\/dl><br style=\"clear: both\" \/><dl class='gallery-item'>\n\t\t\t<dt class='gallery-icon portrait'>\n\t\t\t\t<a class=\"grouped_elements\" rel=\"tc-fancybox-group\" href=\"https:\/\/www.elektra-kuenten.ch\/wp-content\/uploads\/2018\/10\/IMG_7373_768_1024.jpg\" title=\"IMG_7373_768_1024\"><img loading=\"lazy\" decoding=\"async\" width=\"150\" height=\"200\" src=\"https:\/\/www.elektra-kuenten.ch\/wp-content\/uploads\/2018\/10\/IMG_7373_768_1024-150x200.jpg\" class=\"attachment-medium size-medium\" alt=\"\" srcset=\"https:\/\/www.elektra-kuenten.ch\/wp-content\/uploads\/2018\/10\/IMG_7373_768_1024-150x200.jpg 150w, https:\/\/www.elektra-kuenten.ch\/wp-content\/uploads\/2018\/10\/IMG_7373_768_1024.jpg 768w\" sizes=\"auto, (max-width: 150px) 100vw, 150px\" \/><\/a>\n\t\t\t<\/dt><\/dl><dl class='gallery-item'>\n\t\t\t<dt class='gallery-icon landscape'>\n\t\t\t\t<a class=\"grouped_elements\" rel=\"tc-fancybox-group\" href=\"https:\/\/www.elektra-kuenten.ch\/wp-content\/uploads\/2018\/10\/IMG_7377_1024_768.jpg\" title=\"IMG_7377_1024_768\"><img loading=\"lazy\" decoding=\"async\" width=\"200\" height=\"150\" src=\"https:\/\/www.elektra-kuenten.ch\/wp-content\/uploads\/2018\/10\/IMG_7377_1024_768-200x150.jpg\" class=\"attachment-medium size-medium\" alt=\"\" srcset=\"https:\/\/www.elektra-kuenten.ch\/wp-content\/uploads\/2018\/10\/IMG_7377_1024_768-200x150.jpg 200w, https:\/\/www.elektra-kuenten.ch\/wp-content\/uploads\/2018\/10\/IMG_7377_1024_768-768x576.jpg 768w, https:\/\/www.elektra-kuenten.ch\/wp-content\/uploads\/2018\/10\/IMG_7377_1024_768.jpg 1024w\" sizes=\"auto, (max-width: 200px) 100vw, 200px\" \/><\/a>\n\t\t\t<\/dt><\/dl><dl class='gallery-item'>\n\t\t\t<dt class='gallery-icon landscape'>\n\t\t\t\t<a class=\"grouped_elements\" rel=\"tc-fancybox-group\" href=\"https:\/\/www.elektra-kuenten.ch\/wp-content\/uploads\/2018\/10\/IMG_7410_1024_768.jpg\" title=\"IMG_7410_1024_768\"><img loading=\"lazy\" decoding=\"async\" width=\"200\" height=\"150\" src=\"https:\/\/www.elektra-kuenten.ch\/wp-content\/uploads\/2018\/10\/IMG_7410_1024_768-200x150.jpg\" class=\"attachment-medium size-medium\" alt=\"\" srcset=\"https:\/\/www.elektra-kuenten.ch\/wp-content\/uploads\/2018\/10\/IMG_7410_1024_768-200x150.jpg 200w, https:\/\/www.elektra-kuenten.ch\/wp-content\/uploads\/2018\/10\/IMG_7410_1024_768-768x576.jpg 768w, https:\/\/www.elektra-kuenten.ch\/wp-content\/uploads\/2018\/10\/IMG_7410_1024_768.jpg 1024w\" sizes=\"auto, (max-width: 200px) 100vw, 200px\" \/><\/a>\n\t\t\t<\/dt><\/dl><br style=\"clear: both\" \/>\n\t\t<\/div>\n\n<p>24.09.2018<\/p>\n<p>____________________________________________________________________________________________________________________________________________<\/p>\n<p>&nbsp;<\/p>\n<p><strong>Einweihung und Uebergabe TS Kreisel<\/strong><\/p>\n<p>Am Mittwoch, 15. August 2018, wurde die TS Kreisel von der AEW Energie AG an die Elektra K\u00fcnten offiziell \u00fcbergeben.<br \/>\nDie Arbeiten sind soweit abgeschlossen und die TS Kreisel ist bereits seit Februar 2018 in Betrieb.<\/p>\n\n\t\t<style type=\"text\/css\">\n\t\t\t#gallery-4 {\n\t\t\t\tmargin: auto;\n\t\t\t}\n\t\t\t#gallery-4 .gallery-item {\n\t\t\t\tfloat: left;\n\t\t\t\tmargin-top: 10px;\n\t\t\t\ttext-align: center;\n\t\t\t\twidth: 25%;\n\t\t\t}\n\t\t\t#gallery-4 img {\n\t\t\t\tborder: 2px solid #cfcfcf;\n\t\t\t}\n\t\t\t#gallery-4 .gallery-caption {\n\t\t\t\tmargin-left: 0;\n\t\t\t}\n\t\t\t\/* see gallery_shortcode() in wp-includes\/media.php *\/\n\t\t<\/style>\n\t\t<div id='gallery-4' class='gallery galleryid-1327 gallery-columns-4 gallery-size-medium'><dl class='gallery-item'>\n\t\t\t<dt class='gallery-icon landscape'>\n\t\t\t\t<a class=\"grouped_elements\" rel=\"tc-fancybox-group\" href=\"https:\/\/www.elektra-kuenten.ch\/wp-content\/uploads\/2018\/09\/IMG_6792_1024x768.jpg\" title=\"IMG_6792_1024x768\"><img loading=\"lazy\" decoding=\"async\" width=\"200\" height=\"150\" src=\"https:\/\/www.elektra-kuenten.ch\/wp-content\/uploads\/2018\/09\/IMG_6792_1024x768-200x150.jpg\" class=\"attachment-medium size-medium\" alt=\"\" srcset=\"https:\/\/www.elektra-kuenten.ch\/wp-content\/uploads\/2018\/09\/IMG_6792_1024x768-200x150.jpg 200w, https:\/\/www.elektra-kuenten.ch\/wp-content\/uploads\/2018\/09\/IMG_6792_1024x768-768x576.jpg 768w, https:\/\/www.elektra-kuenten.ch\/wp-content\/uploads\/2018\/09\/IMG_6792_1024x768.jpg 1024w\" sizes=\"auto, (max-width: 200px) 100vw, 200px\" \/><\/a>\n\t\t\t<\/dt><\/dl><dl class='gallery-item'>\n\t\t\t<dt class='gallery-icon portrait'>\n\t\t\t\t<a class=\"grouped_elements\" rel=\"tc-fancybox-group\" href=\"https:\/\/www.elektra-kuenten.ch\/wp-content\/uploads\/2018\/09\/IMG_6795_768x1024.jpg\" title=\"IMG_6795_768x1024\"><img loading=\"lazy\" decoding=\"async\" width=\"150\" height=\"200\" src=\"https:\/\/www.elektra-kuenten.ch\/wp-content\/uploads\/2018\/09\/IMG_6795_768x1024-150x200.jpg\" class=\"attachment-medium size-medium\" alt=\"\" srcset=\"https:\/\/www.elektra-kuenten.ch\/wp-content\/uploads\/2018\/09\/IMG_6795_768x1024-150x200.jpg 150w, https:\/\/www.elektra-kuenten.ch\/wp-content\/uploads\/2018\/09\/IMG_6795_768x1024.jpg 768w\" sizes=\"auto, (max-width: 150px) 100vw, 150px\" \/><\/a>\n\t\t\t<\/dt><\/dl>\n\t\t\t<br style='clear: both' \/>\n\t\t<\/div>\n\n<p>31.08.2018<\/p>\n<p>_____________________________________________________________________________________________________________________________________________<\/p>\n<p><strong>Neues Vorstandsmitglied<\/strong><\/p>\n<p>Mit Adrian Wendel d\u00fcrfen wir ein neues Vorstandsmitglied begr\u00fcssen.<\/p>\n<p>Adrian wurde an der Generalversammlung vom 25. Mai 2018 gew\u00e4hlt und tritt in die Fussstapfen seines Vaters Jonny.<br \/>\nWir begr\u00fcssen Adrian in unserem Vorstandsteam und w\u00fcnschen ihm einen guten Start in seiner neuen Aufgabe als<br \/>\nTechn. Mitarbeiter der Elektra.<\/p>\n\n\t\t<style type=\"text\/css\">\n\t\t\t#gallery-6 {\n\t\t\t\tmargin: auto;\n\t\t\t}\n\t\t\t#gallery-6 .gallery-item {\n\t\t\t\tfloat: left;\n\t\t\t\tmargin-top: 10px;\n\t\t\t\ttext-align: center;\n\t\t\t\twidth: 25%;\n\t\t\t}\n\t\t\t#gallery-6 img {\n\t\t\t\tborder: 2px solid #cfcfcf;\n\t\t\t}\n\t\t\t#gallery-6 .gallery-caption {\n\t\t\t\tmargin-left: 0;\n\t\t\t}\n\t\t\t\/* see gallery_shortcode() in wp-includes\/media.php *\/\n\t\t<\/style>\n\t\t<div id='gallery-6' class='gallery galleryid-1327 gallery-columns-4 gallery-size-medium'><dl class='gallery-item'>\n\t\t\t<dt class='gallery-icon landscape'>\n\t\t\t\t<a class=\"grouped_elements no-lightbox\" rel=\"tc-fancybox-group\" href=\"https:\/\/www.elektra-kuenten.ch\/?page_id=636\" title=\"Adrian Wendel\"><img loading=\"lazy\" decoding=\"async\" width=\"200\" height=\"200\" src=\"https:\/\/www.elektra-kuenten.ch\/wp-content\/uploads\/2018\/09\/wendel_adrian_600_600-200x200.jpg\" class=\"attachment-medium size-medium\" alt=\"\" srcset=\"https:\/\/www.elektra-kuenten.ch\/wp-content\/uploads\/2018\/09\/wendel_adrian_600_600-200x200.jpg 200w, https:\/\/www.elektra-kuenten.ch\/wp-content\/uploads\/2018\/09\/wendel_adrian_600_600-150x150.jpg 150w, https:\/\/www.elektra-kuenten.ch\/wp-content\/uploads\/2018\/09\/wendel_adrian_600_600.jpg 600w\" sizes=\"auto, (max-width: 200px) 100vw, 200px\" \/><\/a>\n\t\t\t<\/dt>\n\t\t\t\t<dd class='wp-caption-text gallery-caption' id='gallery-6-1066'>\n\t\t\t\tAdrian Wendel<p>&shy;Technischer Mitarbeiter\n\t\t\t\t<\/dd><\/dl>\n\t\t\t<br style='clear: both' \/>\n\t\t<\/div>\n\n<p>25.05.2018<\/p>\n<p>______________________________________________________________________________________________________________________________________________<\/p>\n<p>&nbsp;<\/p>\n<p><strong>Verabschiedung Jonny Wendel<\/strong><\/p>\n<p>Unser langj\u00e4hriges Vorstandsmitglied, Hans Wendel, besser bekannt als &#8222;Jonny&#8220;, hat sich entschlossen etwas k\u00fcrzer zu treten und das Zepter der j\u00fcngeren Generation zu \u00fcbergeben.<br \/>\nJonny war seit 1990 Vorstandsmitglied der Elektra. Unerm\u00fcdlich und jederzeit bereit hat er sich rund um das Bauwesen der Elektra eingesetzt. Ein Anruf gen\u00fcgte und Jonny war da !<br \/>\nWir danken unserem treuen Vorstandskollegen Jonny f\u00fcr sein langj\u00e4hriges Schaffen zugunsten der Elektra-Genossenschaft K\u00fcnten.<br \/>\nAn der Generalversammlung vom 25. Mai 2018 haben wir Jonny verabschiedet. Er bleibt der Elektra trotz dem Austritt aus dem Vorstand treu und hilft uns weiterhin im Hintergrund wenn &#8222;Not am Mann&#8220; ist.<\/p>\n<p>Vielen Dank Jonny, f\u00fcr alles was Du in den letzten Jahren geleistet hast !<\/p>\n\n\t\t<style type=\"text\/css\">\n\t\t\t#gallery-8 {\n\t\t\t\tmargin: auto;\n\t\t\t}\n\t\t\t#gallery-8 .gallery-item {\n\t\t\t\tfloat: left;\n\t\t\t\tmargin-top: 10px;\n\t\t\t\ttext-align: center;\n\t\t\t\twidth: 25%;\n\t\t\t}\n\t\t\t#gallery-8 img {\n\t\t\t\tborder: 2px solid #cfcfcf;\n\t\t\t}\n\t\t\t#gallery-8 .gallery-caption {\n\t\t\t\tmargin-left: 0;\n\t\t\t}\n\t\t\t\/* see gallery_shortcode() in wp-includes\/media.php *\/\n\t\t<\/style>\n\t\t<div id='gallery-8' class='gallery galleryid-1327 gallery-columns-4 gallery-size-medium'><dl class='gallery-item'>\n\t\t\t<dt class='gallery-icon portrait'>\n\t\t\t\t<a class=\"grouped_elements\" rel=\"tc-fancybox-group\" href=\"https:\/\/www.elektra-kuenten.ch\/wp-content\/uploads\/2018\/06\/Verabschiedung-Jonny1.jpg\" title=\"Verabschiedung Jonny1\"><img loading=\"lazy\" decoding=\"async\" width=\"150\" height=\"200\" src=\"https:\/\/www.elektra-kuenten.ch\/wp-content\/uploads\/2018\/06\/Verabschiedung-Jonny1-150x200.jpg\" class=\"attachment-medium size-medium\" alt=\"\" srcset=\"https:\/\/www.elektra-kuenten.ch\/wp-content\/uploads\/2018\/06\/Verabschiedung-Jonny1-150x200.jpg 150w, https:\/\/www.elektra-kuenten.ch\/wp-content\/uploads\/2018\/06\/Verabschiedung-Jonny1.jpg 486w\" sizes=\"auto, (max-width: 150px) 100vw, 150px\" \/><\/a>\n\t\t\t<\/dt><\/dl><dl class='gallery-item'>\n\t\t\t<dt class='gallery-icon portrait'>\n\t\t\t\t<a class=\"grouped_elements\" rel=\"tc-fancybox-group\" href=\"https:\/\/www.elektra-kuenten.ch\/wp-content\/uploads\/2018\/06\/Verabschiedung-Jonny2.jpg\" title=\"Verabschiedung Jonny2\"><img loading=\"lazy\" decoding=\"async\" width=\"149\" height=\"200\" src=\"https:\/\/www.elektra-kuenten.ch\/wp-content\/uploads\/2018\/06\/Verabschiedung-Jonny2-149x200.jpg\" class=\"attachment-medium size-medium\" alt=\"\" srcset=\"https:\/\/www.elektra-kuenten.ch\/wp-content\/uploads\/2018\/06\/Verabschiedung-Jonny2-149x200.jpg 149w, https:\/\/www.elektra-kuenten.ch\/wp-content\/uploads\/2018\/06\/Verabschiedung-Jonny2.jpg 506w\" sizes=\"auto, (max-width: 149px) 100vw, 149px\" \/><\/a>\n\t\t\t<\/dt><\/dl><dl class='gallery-item'>\n\t\t\t<dt class='gallery-icon landscape'>\n\t\t\t\t<a class=\"grouped_elements\" rel=\"tc-fancybox-group\" href=\"https:\/\/www.elektra-kuenten.ch\/wp-content\/uploads\/2018\/06\/Verabschiedung-Jonny.jpg\" title=\"Verabschiedung Jonny\"><img loading=\"lazy\" decoding=\"async\" width=\"200\" height=\"133\" src=\"https:\/\/www.elektra-kuenten.ch\/wp-content\/uploads\/2018\/06\/Verabschiedung-Jonny-200x133.jpg\" class=\"attachment-medium size-medium\" alt=\"\" srcset=\"https:\/\/www.elektra-kuenten.ch\/wp-content\/uploads\/2018\/06\/Verabschiedung-Jonny-200x133.jpg 200w, https:\/\/www.elektra-kuenten.ch\/wp-content\/uploads\/2018\/06\/Verabschiedung-Jonny-768x512.jpg 768w, https:\/\/www.elektra-kuenten.ch\/wp-content\/uploads\/2018\/06\/Verabschiedung-Jonny-1024x682.jpg 1024w, https:\/\/www.elektra-kuenten.ch\/wp-content\/uploads\/2018\/06\/Verabschiedung-Jonny.jpg 1055w\" sizes=\"auto, (max-width: 200px) 100vw, 200px\" \/><\/a>\n\t\t\t<\/dt><\/dl><dl class='gallery-item'>\n\t\t\t<dt class='gallery-icon portrait'>\n\t\t\t\t<a class=\"grouped_elements\" rel=\"tc-fancybox-group\" href=\"https:\/\/www.elektra-kuenten.ch\/wp-content\/uploads\/2018\/06\/IMG_5414-e1528359739832.jpg\" title=\"IMG_5414\"><img loading=\"lazy\" decoding=\"async\" width=\"150\" height=\"200\" src=\"https:\/\/www.elektra-kuenten.ch\/wp-content\/uploads\/2018\/06\/IMG_5414-e1528359739832-150x200.jpg\" class=\"attachment-medium size-medium\" alt=\"\" srcset=\"https:\/\/www.elektra-kuenten.ch\/wp-content\/uploads\/2018\/06\/IMG_5414-e1528359739832-150x200.jpg 150w, https:\/\/www.elektra-kuenten.ch\/wp-content\/uploads\/2018\/06\/IMG_5414-e1528359739832-768x1024.jpg 768w\" sizes=\"auto, (max-width: 150px) 100vw, 150px\" \/><\/a>\n\t\t\t<\/dt><\/dl><br style=\"clear: both\" \/>\n\t\t<\/div>\n\n<p>25.05.2018<\/p>\n<p>_______________________________________________________________________________________________________________________________________________<\/p>\n<p><strong>Neubau TS Kreisel<\/strong><\/p>\n<p>Die neue TS Kreisel ist realisiert !<\/p>\n<p>Am 26. Januar 2018 wurde die TS Kreisel geliefert und erstellt. Die Inbetriebnahme erfolgte einen Monat sp\u00e4ter, am 26. Februar 2018.<br \/>\nDie neue Trafostation umfasst einen Transformator mit 630 kVA, eine Niederspannungsverteilanlage, eine Hochspannungsschaltanlage mit AEW-Anschluss f\u00fcr die Reserve-Einspeisung.<\/p>\n\n\t\t<style type=\"text\/css\">\n\t\t\t#gallery-10 {\n\t\t\t\tmargin: auto;\n\t\t\t}\n\t\t\t#gallery-10 .gallery-item {\n\t\t\t\tfloat: left;\n\t\t\t\tmargin-top: 10px;\n\t\t\t\ttext-align: center;\n\t\t\t\twidth: 33%;\n\t\t\t}\n\t\t\t#gallery-10 img {\n\t\t\t\tborder: 2px solid #cfcfcf;\n\t\t\t}\n\t\t\t#gallery-10 .gallery-caption {\n\t\t\t\tmargin-left: 0;\n\t\t\t}\n\t\t\t\/* see gallery_shortcode() in wp-includes\/media.php *\/\n\t\t<\/style>\n\t\t<div id='gallery-10' class='gallery galleryid-1327 gallery-columns-3 gallery-size-medium'><dl class='gallery-item'>\n\t\t\t<dt class='gallery-icon landscape'>\n\t\t\t\t<a class=\"grouped_elements\" rel=\"tc-fancybox-group\" href=\"https:\/\/www.elektra-kuenten.ch\/wp-content\/uploads\/2018\/06\/TS-Kreisel.jpg\" title=\"TS Kreisel\"><img loading=\"lazy\" decoding=\"async\" width=\"200\" height=\"133\" src=\"https:\/\/www.elektra-kuenten.ch\/wp-content\/uploads\/2018\/06\/TS-Kreisel-200x133.jpg\" class=\"attachment-medium size-medium\" alt=\"\" srcset=\"https:\/\/www.elektra-kuenten.ch\/wp-content\/uploads\/2018\/06\/TS-Kreisel-200x133.jpg 200w, https:\/\/www.elektra-kuenten.ch\/wp-content\/uploads\/2018\/06\/TS-Kreisel-768x512.jpg 768w, https:\/\/www.elektra-kuenten.ch\/wp-content\/uploads\/2018\/06\/TS-Kreisel-1024x683.jpg 1024w, https:\/\/www.elektra-kuenten.ch\/wp-content\/uploads\/2018\/06\/TS-Kreisel.jpg 1169w\" sizes=\"auto, (max-width: 200px) 100vw, 200px\" \/><\/a>\n\t\t\t<\/dt><\/dl><dl class='gallery-item'>\n\t\t\t<dt class='gallery-icon landscape'>\n\t\t\t\t<a class=\"grouped_elements\" rel=\"tc-fancybox-group\" href=\"https:\/\/www.elektra-kuenten.ch\/wp-content\/uploads\/2018\/06\/TS-Kreisel-1.jpg\" title=\"TS Kreisel 1\"><img loading=\"lazy\" decoding=\"async\" width=\"200\" height=\"133\" src=\"https:\/\/www.elektra-kuenten.ch\/wp-content\/uploads\/2018\/06\/TS-Kreisel-1-200x133.jpg\" class=\"attachment-medium size-medium\" alt=\"\" srcset=\"https:\/\/www.elektra-kuenten.ch\/wp-content\/uploads\/2018\/06\/TS-Kreisel-1-200x133.jpg 200w, https:\/\/www.elektra-kuenten.ch\/wp-content\/uploads\/2018\/06\/TS-Kreisel-1-768x512.jpg 768w, https:\/\/www.elektra-kuenten.ch\/wp-content\/uploads\/2018\/06\/TS-Kreisel-1-1024x683.jpg 1024w, https:\/\/www.elektra-kuenten.ch\/wp-content\/uploads\/2018\/06\/TS-Kreisel-1.jpg 1169w\" sizes=\"auto, (max-width: 200px) 100vw, 200px\" \/><\/a>\n\t\t\t<\/dt><\/dl><dl class='gallery-item'>\n\t\t\t<dt class='gallery-icon landscape'>\n\t\t\t\t<a class=\"grouped_elements\" rel=\"tc-fancybox-group\" href=\"https:\/\/www.elektra-kuenten.ch\/wp-content\/uploads\/2018\/06\/TS-Kreisel-2.jpg\" title=\"TS Kreisel 2\"><img loading=\"lazy\" decoding=\"async\" width=\"200\" height=\"134\" src=\"https:\/\/www.elektra-kuenten.ch\/wp-content\/uploads\/2018\/06\/TS-Kreisel-2-200x134.jpg\" class=\"attachment-medium size-medium\" alt=\"\" srcset=\"https:\/\/www.elektra-kuenten.ch\/wp-content\/uploads\/2018\/06\/TS-Kreisel-2-200x134.jpg 200w, https:\/\/www.elektra-kuenten.ch\/wp-content\/uploads\/2018\/06\/TS-Kreisel-2-768x513.jpg 768w, https:\/\/www.elektra-kuenten.ch\/wp-content\/uploads\/2018\/06\/TS-Kreisel-2-1024x684.jpg 1024w, https:\/\/www.elektra-kuenten.ch\/wp-content\/uploads\/2018\/06\/TS-Kreisel-2.jpg 1169w\" sizes=\"auto, (max-width: 200px) 100vw, 200px\" \/><\/a>\n\t\t\t<\/dt><\/dl><br style=\"clear: both\" \/><dl class='gallery-item'>\n\t\t\t<dt class='gallery-icon landscape'>\n\t\t\t\t<a class=\"grouped_elements\" rel=\"tc-fancybox-group\" href=\"https:\/\/www.elektra-kuenten.ch\/wp-content\/uploads\/2018\/06\/TS-Kreisel-3.jpg\" title=\"TS Kreisel 3\"><img loading=\"lazy\" decoding=\"async\" width=\"200\" height=\"133\" src=\"https:\/\/www.elektra-kuenten.ch\/wp-content\/uploads\/2018\/06\/TS-Kreisel-3-200x133.jpg\" class=\"attachment-medium size-medium\" alt=\"\" srcset=\"https:\/\/www.elektra-kuenten.ch\/wp-content\/uploads\/2018\/06\/TS-Kreisel-3-200x133.jpg 200w, https:\/\/www.elektra-kuenten.ch\/wp-content\/uploads\/2018\/06\/TS-Kreisel-3-768x512.jpg 768w, https:\/\/www.elektra-kuenten.ch\/wp-content\/uploads\/2018\/06\/TS-Kreisel-3-1024x683.jpg 1024w, https:\/\/www.elektra-kuenten.ch\/wp-content\/uploads\/2018\/06\/TS-Kreisel-3.jpg 1171w\" sizes=\"auto, (max-width: 200px) 100vw, 200px\" \/><\/a>\n\t\t\t<\/dt><\/dl><dl class='gallery-item'>\n\t\t\t<dt class='gallery-icon landscape'>\n\t\t\t\t<a class=\"grouped_elements\" rel=\"tc-fancybox-group\" href=\"https:\/\/www.elektra-kuenten.ch\/wp-content\/uploads\/2018\/06\/TS-Kreisel-4.jpg\" title=\"TS Kreisel 4\"><img loading=\"lazy\" decoding=\"async\" width=\"200\" height=\"133\" src=\"https:\/\/www.elektra-kuenten.ch\/wp-content\/uploads\/2018\/06\/TS-Kreisel-4-200x133.jpg\" class=\"attachment-medium size-medium\" alt=\"\" srcset=\"https:\/\/www.elektra-kuenten.ch\/wp-content\/uploads\/2018\/06\/TS-Kreisel-4-200x133.jpg 200w, https:\/\/www.elektra-kuenten.ch\/wp-content\/uploads\/2018\/06\/TS-Kreisel-4-768x512.jpg 768w, https:\/\/www.elektra-kuenten.ch\/wp-content\/uploads\/2018\/06\/TS-Kreisel-4-1024x683.jpg 1024w, https:\/\/www.elektra-kuenten.ch\/wp-content\/uploads\/2018\/06\/TS-Kreisel-4.jpg 1163w\" sizes=\"auto, (max-width: 200px) 100vw, 200px\" \/><\/a>\n\t\t\t<\/dt><\/dl><dl class='gallery-item'>\n\t\t\t<dt class='gallery-icon landscape'>\n\t\t\t\t<a class=\"grouped_elements\" rel=\"tc-fancybox-group\" href=\"https:\/\/www.elektra-kuenten.ch\/wp-content\/uploads\/2018\/06\/TS-Kreisel-5.jpg\" title=\"TS Kreisel 5\"><img loading=\"lazy\" decoding=\"async\" width=\"200\" height=\"184\" src=\"https:\/\/www.elektra-kuenten.ch\/wp-content\/uploads\/2018\/06\/TS-Kreisel-5-200x184.jpg\" class=\"attachment-medium size-medium\" alt=\"\" srcset=\"https:\/\/www.elektra-kuenten.ch\/wp-content\/uploads\/2018\/06\/TS-Kreisel-5-200x184.jpg 200w, https:\/\/www.elektra-kuenten.ch\/wp-content\/uploads\/2018\/06\/TS-Kreisel-5-768x705.jpg 768w, https:\/\/www.elektra-kuenten.ch\/wp-content\/uploads\/2018\/06\/TS-Kreisel-5-270x250.jpg 270w, https:\/\/www.elektra-kuenten.ch\/wp-content\/uploads\/2018\/06\/TS-Kreisel-5.jpg 877w\" sizes=\"auto, (max-width: 200px) 100vw, 200px\" \/><\/a>\n\t\t\t<\/dt><\/dl><br style=\"clear: both\" \/>\n\t\t<\/div>\n\n<p>26.02.2018<\/p>\n","protected":false},"excerpt":{"rendered":"<p>Elektra-Ausflug Am Samstag, 22.09.2018, durften wir bei herrlichem Sp\u00e4tsommer-Wetter einen spannenden Tag mit unseren Genossenschaftsmitgliedern verbringen. P\u00fcnktlich fuhren wir mit dem Car nach Fisibach in&#8217;s EBIANUM. Dort gab es Kafi und Gipfeli und anschliessend eine interessante Besichtigung im Museum. Zum Mittagessen fuhren wir weiter nach Rheinau wo wir im Restaurant Klostergarten sehr fein verk\u00f6stigt wurden. [&hellip;]<\/p>\n","protected":false},"author":1,"featured_media":0,"parent":0,"menu_order":0,"comment_status":"closed","ping_status":"closed","template":"","meta":{"footnotes":""},"class_list":["post-1327","page","type-page","status-publish","czr-hentry"],"_links":{"self":[{"href":"https:\/\/www.elektra-kuenten.ch\/index.php?rest_route=\/wp\/v2\/pages\/1327","targetHints":{"allow":["GET"]}}],"collection":[{"href":"https:\/\/www.elektra-kuenten.ch\/index.php?rest_route=\/wp\/v2\/pages"}],"about":[{"href":"https:\/\/www.elektra-kuenten.ch\/index.php?rest_route=\/wp\/v2\/types\/page"}],"author":[{"embeddable":true,"href":"https:\/\/www.elektra-kuenten.ch\/index.php?rest_route=\/wp\/v2\/users\/1"}],"replies":[{"embeddable":true,"href":"https:\/\/www.elektra-kuenten.ch\/index.php?rest_route=%2Fwp%2Fv2%2Fcomments&post=1327"}],"version-history":[{"count":2,"href":"https:\/\/www.elektra-kuenten.ch\/index.php?rest_route=\/wp\/v2\/pages\/1327\/revisions"}],"predecessor-version":[{"id":1336,"href":"https:\/\/www.elektra-kuenten.ch\/index.php?rest_route=\/wp\/v2\/pages\/1327\/revisions\/1336"}],"wp:attachment":[{"href":"https:\/\/www.elektra-kuenten.ch\/index.php?rest_route=%2Fwp%2Fv2%2Fmedia&parent=1327"}],"curies":[{"name":"wp","href":"https:\/\/api.w.org\/{rel}","templated":true}]}}