{"id":1331,"date":"2022-08-31T09:05:05","date_gmt":"2022-08-31T09:05:05","guid":{"rendered":"https:\/\/www.elektra-kuenten.ch\/?page_id=1331"},"modified":"2022-08-31T09:05:25","modified_gmt":"2022-08-31T09:05:25","slug":"archiv-2020","status":"publish","type":"page","link":"https:\/\/www.elektra-kuenten.ch\/?page_id=1331","title":{"rendered":"ARCHIV 2020"},"content":{"rendered":"<p><b>Generalversammlung vom 28.08.2020<\/b><\/p>\n<p>Anl\u00e4sslich der Generalversammlung von Freitag, 28.08.2020, durften wir Urs Hafner zum 10-j\u00e4hrigen Jubil\u00e4um als Vorstandsmitglied gratulieren.<br \/>\nSeit seinem Eintritt im Jahr 2010 war er zuerst 5 Jahre Aktuar und \u00fcbernahm im Jahr 2015, als Nachfolger von Thomas Kohler, das Pr\u00e4sidium.<br \/>\nUrs, wir danken Dir f\u00fcr dein Engagement und deinen unerm\u00fcdlichen Einsatz !<\/p>\n\n\t\t<style type=\"text\/css\">\n\t\t\t#gallery-2 {\n\t\t\t\tmargin: auto;\n\t\t\t}\n\t\t\t#gallery-2 .gallery-item {\n\t\t\t\tfloat: left;\n\t\t\t\tmargin-top: 10px;\n\t\t\t\ttext-align: center;\n\t\t\t\twidth: 50%;\n\t\t\t}\n\t\t\t#gallery-2 img {\n\t\t\t\tborder: 2px solid #cfcfcf;\n\t\t\t}\n\t\t\t#gallery-2 .gallery-caption {\n\t\t\t\tmargin-left: 0;\n\t\t\t}\n\t\t\t\/* see gallery_shortcode() in wp-includes\/media.php *\/\n\t\t<\/style>\n\t\t<div id='gallery-2' class='gallery galleryid-1331 gallery-columns-2 gallery-size-large'><dl class='gallery-item'>\n\t\t\t<dt class='gallery-icon landscape'>\n\t\t\t\t<a class=\"grouped_elements\" rel=\"tc-fancybox-group\" href=\"https:\/\/www.elektra-kuenten.ch\/wp-content\/uploads\/2020\/09\/IMG-Urs-Hafner-10-Jahre.jpg\" title=\"IMG Urs Hafner 10 Jahre\"><img loading=\"lazy\" decoding=\"async\" width=\"521\" height=\"443\" src=\"https:\/\/www.elektra-kuenten.ch\/wp-content\/uploads\/2020\/09\/IMG-Urs-Hafner-10-Jahre.jpg\" class=\"attachment-large size-large\" alt=\"Urs Hafner\" srcset=\"https:\/\/www.elektra-kuenten.ch\/wp-content\/uploads\/2020\/09\/IMG-Urs-Hafner-10-Jahre.jpg 521w, https:\/\/www.elektra-kuenten.ch\/wp-content\/uploads\/2020\/09\/IMG-Urs-Hafner-10-Jahre-200x170.jpg 200w\" sizes=\"auto, (max-width: 521px) 100vw, 521px\" \/><\/a>\n\t\t\t<\/dt><\/dl>\n\t\t\t<br style='clear: both' \/>\n\t\t<\/div>\n\n<p>&nbsp;<\/p>\n<p><strong>Ablesung von Strom und Wasser<\/strong><\/p>\n<p>Die ausserordentliche Situation im Zusammenhang mit dem Corona-Virus (COVID-19) fordert auch uns heraus.<br \/>\nLeider l\u00e4sst sich aus heutiger Sicht nicht absch\u00e4tzen, wie lange und in welchem Umfang die angeordneten Massnahmen noch andauern.<\/p>\n<p>Aus diesem Grund werden wir die Ablesung f\u00fcr das 1. Semester 2020 wie folgt durchf\u00fchren:<\/p>\n<p><em><strong>WASSERZ\u00c4HLER:<\/strong><\/em><br \/>\nSie erhalten ein Ableseblatt, welches Sie bitte bis sp\u00e4testens 30. Juni 2020 an die Einwohnergemeinde K\u00fcnten,<br \/>\nKirchweg 11, retournieren.<\/p>\n<p><em><strong>STROMZ\u00c4HLER:<\/strong><\/em><br \/>\nDie Ableser werden die Stromz\u00e4hler, welche in einem Fassadenkasten oder in einem direkt zug\u00e4nglichen Raum (nicht in der Wohnung) angebracht sind, wie \u00fcblich ablesen.<br \/>\nBei denjenigen Liegenschaften, welche der Stromz\u00e4hler IM HAUS angebracht ist, erhalten Sie ein Ableseblatt, welches Sie bitte bis sp\u00e4testens 30. Juni 2020 an die Elektra-Genossenschaft K\u00fcnten, Kirchweg 11 (Gemeindehaus), retournieren.<\/p>\n<p>Wir danken Ihnen f\u00fcr Ihr Verst\u00e4ndnis und die fristgerechte Einreichung der Ablesebl\u00e4tter.<\/p>\n<p>ELEKTRA-GENOSSENSCHAFT K\u00dcNTEN<\/p>\n<p>__________________________________________________________________________________________________________________________<\/p>\n<p>&nbsp;<\/p>\n<p><strong>Verschiebung Generalversammlung<\/strong><\/p>\n<p>Gesch\u00e4tzte Mitglieder<\/p>\n<p>Die ausserordentliche Situation im Zusammenhang mit dem Corona-Virus (COVID-19) fordert auch die Elektra-Genossenschaft heraus.<\/p>\n<p>Unser urspr\u00fcnglich angesetztes Datum von Freitag, 29. Mai 2020, k\u00f6nnen wir wegen des bis am 08. Juni 2020 g\u00fcltigen Versammlungsverbot nicht einhalten.<br \/>\nDer Vorstand hat beschlossen, auf ein anderes Datum auszuweichen.<\/p>\n<p>Leider l\u00e4sst sich aus heutiger Sicht nicht absch\u00e4tzen, wie lange und in welchem Umfang die angeordneten Massnahmen noch andauern.<\/p>\n<p>Trotzdem m\u00f6chten wir, wenn irgendwie m\u00f6glich, die<\/p>\n<p><em><strong>Generalversammlung<\/strong><\/em><br \/>\n<em><strong>am Freitag, 28. August 2020, 20.00 Uhr<\/strong><\/em><br \/>\n<em><strong>im Pfarreisaal K\u00fcnten<\/strong><\/em><\/p>\n<p>durchf\u00fchren.<\/p>\n<p>Falls die angeordneten Massnahmen bez\u00fcglich Versammlungsverbot immer noch gelten oder andere Massnahmen eingef\u00fchrt werden, so w\u00fcrden wir auf eine schriftliche Stimmabgabe ausweichen.<\/p>\n<p>Wir danken Ihnen f\u00fcr Ihr Verst\u00e4ndnis und bleiben Sie gesund.<\/p>\n<p>VORSTAND<br \/>\nELEKTRA K\u00dcNTEN<\/p>\n","protected":false},"excerpt":{"rendered":"<p>Generalversammlung vom 28.08.2020 Anl\u00e4sslich der Generalversammlung von Freitag, 28.08.2020, durften wir Urs Hafner zum 10-j\u00e4hrigen Jubil\u00e4um als Vorstandsmitglied gratulieren. Seit seinem Eintritt im Jahr 2010 war er zuerst 5 Jahre Aktuar und \u00fcbernahm im Jahr 2015, als Nachfolger von Thomas Kohler, das Pr\u00e4sidium. Urs, wir danken Dir f\u00fcr dein Engagement und deinen unerm\u00fcdlichen Einsatz ! [&hellip;]<\/p>\n","protected":false},"author":1,"featured_media":0,"parent":0,"menu_order":0,"comment_status":"closed","ping_status":"closed","template":"","meta":{"footnotes":""},"class_list":["post-1331","page","type-page","status-publish","czr-hentry"],"_links":{"self":[{"href":"https:\/\/www.elektra-kuenten.ch\/index.php?rest_route=\/wp\/v2\/pages\/1331","targetHints":{"allow":["GET"]}}],"collection":[{"href":"https:\/\/www.elektra-kuenten.ch\/index.php?rest_route=\/wp\/v2\/pages"}],"about":[{"href":"https:\/\/www.elektra-kuenten.ch\/index.php?rest_route=\/wp\/v2\/types\/page"}],"author":[{"embeddable":true,"href":"https:\/\/www.elektra-kuenten.ch\/index.php?rest_route=\/wp\/v2\/users\/1"}],"replies":[{"embeddable":true,"href":"https:\/\/www.elektra-kuenten.ch\/index.php?rest_route=%2Fwp%2Fv2%2Fcomments&post=1331"}],"version-history":[{"count":1,"href":"https:\/\/www.elektra-kuenten.ch\/index.php?rest_route=\/wp\/v2\/pages\/1331\/revisions"}],"predecessor-version":[{"id":1334,"href":"https:\/\/www.elektra-kuenten.ch\/index.php?rest_route=\/wp\/v2\/pages\/1331\/revisions\/1334"}],"wp:attachment":[{"href":"https:\/\/www.elektra-kuenten.ch\/index.php?rest_route=%2Fwp%2Fv2%2Fmedia&parent=1331"}],"curies":[{"name":"wp","href":"https:\/\/api.w.org\/{rel}","templated":true}]}}