{"id":1355,"date":"2022-11-17T17:04:03","date_gmt":"2022-11-17T17:04:03","guid":{"rendered":"https:\/\/www.elektra-kuenten.ch\/?page_id=1355"},"modified":"2025-12-05T21:59:15","modified_gmt":"2025-12-05T21:59:15","slug":"bedienungsanleitung-smart-meter","status":"publish","type":"page","link":"https:\/\/www.elektra-kuenten.ch\/?page_id=1355","title":{"rendered":"SMART METER"},"content":{"rendered":"<p><img loading=\"lazy\" decoding=\"async\" class=\"alignnone size-full wp-image-657\" src=\"https:\/\/www.elektra-kuenten.ch\/wp-content\/uploads\/2017\/07\/pdf30.png\" alt=\"\" width=\"33\" height=\"42\" \/> <a href=\"https:\/\/www.elektra-kuenten.ch\/wp-content\/uploads\/2022\/11\/Bedienungsanleitung-Smart-Meter-LandisGyr-E450.pdf\" target=\"_blank\" rel=\"noopener noreferrer\">Bedienungsanleitung Smart Meter<\/a><\/p>\n<p><span class=\"rb1\"><b>FAQ und Erkl\u00e4rvideo Smartmeter<\/b><\/span> <span class=\"rb1\"><b>von der Elcom<\/b><\/span><br \/>\n<span class=\"rb1\">Die Elcom hat auf ihrer <\/span><a href=\"https:\/\/www.elcom.admin.ch\/de\/faq-smartmeter\" target=\"_blank\" rel=\"noopener\"><span class=\"rb1\">Homepage <\/span><\/a><span class=\"rb1\">ein Erkl\u00e4rvideo aufgeschaltet, welches den Einsatz von Smartmetern auf einfache <\/span><br \/>\n<span class=\"rb1\">und verst\u00e4ndliche Weise erkl\u00e4rt. Zudem ist ein hilfreicher Fragen- und Antworten-Katalog (FAQ) aufgeschaltet. <\/span><br \/>\n<span class=\"rb1\">Diese k\u00f6nnen in drei Landessprachen abgerufen werden.<\/span><\/p>\n","protected":false},"excerpt":{"rendered":"<p>Bedienungsanleitung Smart Meter FAQ und Erkl\u00e4rvideo Smartmeter von der Elcom Die Elcom hat auf ihrer Homepage ein Erkl\u00e4rvideo aufgeschaltet, welches den Einsatz von Smartmetern auf einfache und verst\u00e4ndliche Weise erkl\u00e4rt. Zudem ist ein hilfreicher Fragen- und Antworten-Katalog (FAQ) aufgeschaltet. Diese k\u00f6nnen in drei Landessprachen abgerufen werden.<\/p>\n","protected":false},"author":1,"featured_media":0,"parent":0,"menu_order":0,"comment_status":"closed","ping_status":"closed","template":"","meta":{"footnotes":""},"class_list":["post-1355","page","type-page","status-publish","czr-hentry"],"_links":{"self":[{"href":"https:\/\/www.elektra-kuenten.ch\/index.php?rest_route=\/wp\/v2\/pages\/1355","targetHints":{"allow":["GET"]}}],"collection":[{"href":"https:\/\/www.elektra-kuenten.ch\/index.php?rest_route=\/wp\/v2\/pages"}],"about":[{"href":"https:\/\/www.elektra-kuenten.ch\/index.php?rest_route=\/wp\/v2\/types\/page"}],"author":[{"embeddable":true,"href":"https:\/\/www.elektra-kuenten.ch\/index.php?rest_route=\/wp\/v2\/users\/1"}],"replies":[{"embeddable":true,"href":"https:\/\/www.elektra-kuenten.ch\/index.php?rest_route=%2Fwp%2Fv2%2Fcomments&post=1355"}],"version-history":[{"count":4,"href":"https:\/\/www.elektra-kuenten.ch\/index.php?rest_route=\/wp\/v2\/pages\/1355\/revisions"}],"predecessor-version":[{"id":1591,"href":"https:\/\/www.elektra-kuenten.ch\/index.php?rest_route=\/wp\/v2\/pages\/1355\/revisions\/1591"}],"wp:attachment":[{"href":"https:\/\/www.elektra-kuenten.ch\/index.php?rest_route=%2Fwp%2Fv2%2Fmedia&parent=1355"}],"curies":[{"name":"wp","href":"https:\/\/api.w.org\/{rel}","templated":true}]}}