{"id":1604,"date":"2026-04-13T12:17:08","date_gmt":"2026-04-13T12:17:08","guid":{"rendered":"https:\/\/www.elektra-kuenten.ch\/?page_id=1604"},"modified":"2026-04-13T15:21:05","modified_gmt":"2026-04-13T15:21:05","slug":"strom-durch-eigenproduktion","status":"publish","type":"page","link":"https:\/\/www.elektra-kuenten.ch\/?page_id=1604","title":{"rendered":"STROM DURCH EIGENPRODUKTION"},"content":{"rendered":"<h3><strong>Grundidee von Eigenverbrauch<sup>PLUS<\/sup> (EV+)<\/strong><\/h3>\n<p>Eigenverbrauch<sup>PLUS\u00a0<\/sup> bietet Solarstromproduzenten im Versorgungsgebiet der Elektra K\u00fcnten die M\u00f6glichkeit, den Strom vom eigenen Hausdach vor Ort gemeinsam mit Mietern und Nachbarn am gleichen Anschlusspunkt zu nutzen. Das Modell basiert auf dem Praxismodell der Verteilnetzbetreiber (VNB), ist eine Alternative zum Zusammenschluss zum Eigenverbrauch (ZEV)und zudem administrativ einfach zu verwalten.<\/p>\n<p>Im Modell EV+ wird der Strom, welcher mit der Anlage produziert wird, direkt den Hausbewohnern (EV+-Teilnehmer) geliefert. F\u00fcr diesen Anteil des Stromverbrauchs sind keine Netznutzung, keine Abgaben und keine MwSt. zu entrichten, sofern die EV+-Gemeinschaft nicht mehrwertsteuerpflichtig ist. Dies im Gegensatz zum Anteil des aus dem EGK-Netz bezogenen Reststroms. Der Produzent vereinbart mit den Hausbewohnern (EV+-Teilnehmer) einen Solarstrompreis f\u00fcr den vor Ort produzierten Strom. Dem Produzenten steht es frei &#8211; im Gegensatz zum ZEV\/vZEV &#8211; einen Solarstrompreis zu verlangen, der \u00fcber dem Elektrizit\u00e4tstarif der EGK (Energieteil) liegt. Der Produzent beauftragt das EVU, den im Haus eigenverbrauchten Strom den Bewohnern (EV+-Teilnehmer) zum vereinbarten Solarstrompreis zu verrechnen. Die EGK \u00fcberweist dem Produzenten die Summe der eingegangenen Betr\u00e4ge aus dem eigenverbrauchten Strom.<\/p>\n<p>Mit diesem Vorgehen kann der Produzent den Ertrag aus seiner Produktion erh\u00f6hen, da der mit den Endkunden vereinbarte Solarstrompreis h\u00f6her sein kann als die R\u00fccklieferverg\u00fctung der EGK. Der lokal produzierte Strom wird in derselben Liegenschaft eingesetzt. Dadurch entfallen der EGK Netznutzungsentgelte. Diese fehlenden Beitr\u00e4ge m\u00fcssen durch die verbleibenden Netzkunden gedeckt werden. Die Eigenverbrauchsregelung gem\u00e4ss EnG nimmt diese Umverteilung bewusst in Kauf.<\/p>\n<p>Die EGK tritt gegen\u00fcber dem Stromproduzenten als Abrechnungsdienstleister f\u00fcr den Eigenverbrauch auf. Die EGK erh\u00e4lt vom Produzenten f\u00fcr die administrative Verwaltung und Abwicklung eine Entsch\u00e4digung. Die Abrechnung f\u00fcr den Anlagenbetreiber erfolgt als Dienstleister und nicht als EVU (Netzbetreiber).<\/p>\n<p><img loading=\"lazy\" decoding=\"async\" class=\"wp-image-1608 size-full aligncenter\" src=\"https:\/\/www.elektra-kuenten.ch\/wp-content\/uploads\/2026\/04\/Skizze01_Zusammenschluss_EV.png\" alt=\"Grundidee von Eigenverbrauch PLUS (EV+)\" width=\"800\" height=\"444\" srcset=\"https:\/\/www.elektra-kuenten.ch\/wp-content\/uploads\/2026\/04\/Skizze01_Zusammenschluss_EV.png 800w, https:\/\/www.elektra-kuenten.ch\/wp-content\/uploads\/2026\/04\/Skizze01_Zusammenschluss_EV-400x222.png 400w, https:\/\/www.elektra-kuenten.ch\/wp-content\/uploads\/2026\/04\/Skizze01_Zusammenschluss_EV-768x426.png 768w\" sizes=\"auto, (max-width: 800px) 100vw, 800px\" \/><\/p>\n<p>&nbsp;<\/p>\n<ul>\n<li><strong>Die unkomplizierte L\u00f6sung<br \/>\n<\/strong>Sie haben eine Photovoltaikanlage auf dem Dach und m\u00f6chten den erzeugten Strom direkt vor Ort nutzen, gemeinsam mit Ihrer Nachbarschaft, so ist EigenverbrauchPLUS die richtige L\u00f6sung.<\/li>\n<\/ul>\n<ul>\n<li><strong>Der Vorteil<br \/>\n<\/strong>Kein Zusammenschluss notwendig \u2013 Endverbraucher*innen bleiben eigenst\u00e4ndig, bleiben direkte Kunden der Elektra K\u00fcnten und profitieren von einer einfachen, individuellen Optimierung des Eigenverbrauchs.<\/li>\n<\/ul>\n<ul>\n<li><strong>H\u00f6here Verg\u00fctung f\u00fcr Ihren Solarstrom<br \/>\n<\/strong>Mit jeder Kilowattstunde, die Sie selbst erzeugen, verbrauchen und mit Ihrer Nachbarschaft teilen, haben Sie eine h\u00f6here Verg\u00fctung.<\/li>\n<\/ul>\n<ul>\n<li><strong>F\u00fcr die Nachbarschaft<br \/>\n<\/strong>Sie profitieren von tieferen Stromkosten durch den vor Ort produzierten Strom.<\/li>\n<\/ul>\n<ul>\n<li><strong>Ihre Energieverteilung<br \/>\n<\/strong>Die bestehende Messinfrastruktur kann beibehalten werden. Die von der Elektra K\u00fcnten installierten Smart-Meter sind f\u00fcr Eigenverbrauch<\/li>\n<\/ul>\n<ul>\n<li><strong>Kein administrativer Aufwand f\u00fcr Sie<br \/>\n<\/strong>Wir k\u00fcmmern uns weiterhin um die gesamte Verrechnung, inkl. Mahnwesen und Kundensupport.<\/li>\n<\/ul>\n<p>Nachstehend finden Sie die entsprechenden Formulare:<\/p>\n<ul>\n<li><a href=\"https:\/\/www.elektra-kuenten.ch\/wp-content\/uploads\/2026\/04\/01-Dienstleistungsvertrag-EVFormular.pdf\" target=\"_blank\" rel=\"noopener\">Dienstleistungsvertrag EV+<\/a><\/li>\n<li><a href=\"https:\/\/www.elektra-kuenten.ch\/wp-content\/uploads\/2026\/04\/Anhang-1-Uebersicht-VerbrauchsstaettenProduktionsanlagen-Formular.pdf\" target=\"_blank\" rel=\"noopener\">Anhang-1 \u00dcbersicht Verbrauchsst\u00e4tten + Produktionsanlagen<\/a><\/li>\n<li><a href=\"https:\/\/www.elektra-kuenten.ch\/wp-content\/uploads\/2026\/04\/Anhang-2-Preiseblatt-EV.pdf\" target=\"_blank\" rel=\"noopener\">Anhang-2 Preiseblatt EV+<\/a><\/li>\n<li><a href=\"https:\/\/www.elektra-kuenten.ch\/wp-content\/uploads\/2026\/04\/Anhang-3-Zustimmung-EV-Teilnehmer-Mieter-Formular.pdf\" target=\"_blank\" rel=\"noopener\">Anhang-3 Zustimmung EV+ -Teilnehmer (Mieter)<\/a><\/li>\n<li><a href=\"https:\/\/www.elektra-kuenten.ch\/wp-content\/uploads\/2026\/04\/AGB-fuer-Erbringung-von-Dienstleistungen-zum-EV.pdf\" target=\"_blank\" rel=\"noopener\">AGB f\u00fcr Erbringung von Dienstleistungen zum EV+<\/a><\/li>\n<\/ul>\n<p><strong>\u00a0<\/strong><\/p>\n<h3><strong>ZEV \/ vZEV einfach erkl\u00e4rt<\/strong><\/h3>\n<p>Mit einem Zusammenschluss zum Eigenverbrauch (ZEV) k\u00f6nnen sich Solarstrom-Produzierende und Endverbrauchende f\u00fcr die gemeinsame Nutzung des erzeugten Stroms zusammenschliessen, indem sie eine Gemeinschaft gr\u00fcnden. Bei einem Zusammenschluss zum Eigenverbrauch (ZEV \/ vZEV) kann ein Solarstromproduzent den produzierten Solarstrom direkt vor Ort an die Anwohnenden verkaufen. Ein virtueller ZEV oder vZEV kann die Anschlussleitungen sowie die lokale elektrische Infrastruktur der EGK beim Netzanschlusspunkt f\u00fcr den Eigenverbrauch verwenden.<\/p>\n<p>Ein vZEV erweitert den Eigenverbrauch \u00fcber ein einzelnes Mehrparteienobjekt hinaus. Weitere Solarstromproduzenten und Verbraucher*innen im n\u00e4heren Umkreis k\u00f6nnen sich mit einem vZEV zu einem \u00abvirtuellen\u00bb Zusammenschluss verbinden, um gemeinsam produzierte Energie zu teilen und zu nutzen. Bei einem vZEV k\u00f6nnen zus\u00e4tzlich auch mehrere EGK-Stromz\u00e4hler virtuell miteinander verrechnet werden.<\/p>\n<p>Der Unterschied zwischen einem ZEV und einem vZEV liegt somit in der Gr\u00f6sse des Umkreises, in dem sich die Teilnehmenden des Zusammenschlusses befinden k\u00f6nnen. W\u00e4hrend ein ZEV \u00fcber nur einen Netzanschluss zur EGK verf\u00fcgt, kann ein vZEV auch \u00fcber mehrere Netzanschl\u00fcsse zur EGK verf\u00fcgen. Sowohl ZEV als auch vZEV werden von der EGK jedoch als ein einziger Endverbraucher \/ Kunde betrachtet. Die EGK wird f\u00fcr jeden Messpunkt ein Messentgelt, sprich eine Messgeb\u00fchr, erheben. Die individuellen Stromrechnungen der teilnehmenden Endverbraucher werden vom ZEV \/ vZEV-Verantwortlichen ausgestellt. Der ZEV-Verantwortliche kann der Eigent\u00fcmer eines MFH, EFH oder die Liegenschaftsverwaltung sein. Eine Bildung eines ZEV \/ vZEV ist m\u00f6glich, wenn die Leistung der Produktionsanlage(n) mindestens 10 Prozent der Anschlussleistung des ZEV \/ vZEV betr\u00e4gt.<\/p>\n<p><img loading=\"lazy\" decoding=\"async\" class=\"wp-image-1625 size-full\" src=\"https:\/\/www.elektra-kuenten.ch\/wp-content\/uploads\/2026\/04\/Skizze01_Zusammenschluss_ZEV_vZEV.png\" alt=\"Virtueller ZEV (vZEV)\" width=\"800\" height=\"494\" srcset=\"https:\/\/www.elektra-kuenten.ch\/wp-content\/uploads\/2026\/04\/Skizze01_Zusammenschluss_ZEV_vZEV.png 800w, https:\/\/www.elektra-kuenten.ch\/wp-content\/uploads\/2026\/04\/Skizze01_Zusammenschluss_ZEV_vZEV-400x247.png 400w, https:\/\/www.elektra-kuenten.ch\/wp-content\/uploads\/2026\/04\/Skizze01_Zusammenschluss_ZEV_vZEV-768x474.png 768w\" sizes=\"auto, (max-width: 800px) 100vw, 800px\" \/><\/p>\n<ul>\n<li><strong>Energieverteilung<br \/>\n<\/strong>Technische Grundlage f\u00fcr die Erstellung des ZEV bildet das Vorhandensein einer geeigneten Messinfrastruktur sowie deren korrekte Anordnung. Die Verantwortung hierf\u00fcr liegt beim ZEV \/ vZEV.<\/li>\n<\/ul>\n<ul>\n<li><strong>Kostenverrechnung \/ Rechnungsstellung<br \/>\n<\/strong>Die EGK betrachtet den ZEV \/ vZEV als einen Kunden.<br \/>\nDie interne Kostenverrechnung und Ertragsverg\u00fctung der verbrauchten sowie der durch die Energieerzeugungsanlage produzierten Energie ist Sache des ZEV \/ vZEV. Die individuellen Stromrechnungen der teilnehmenden Endverbraucher werden vom ZEV \/ vZEV-Verantwortlichen ausgestellt.<\/li>\n<\/ul>\n<p>Nachstehend das entsprechende Anmeldeformular:<\/p>\n<ul>\n<li><a href=\"https:\/\/www.elektra-kuenten.ch\/wp-content\/uploads\/2026\/04\/Anm-Zusammenschluss-zum-Eigenverbrauch-ZEV-vZEV-Formular.pdf\" target=\"_blank\" rel=\"noopener\">Zusammenschluss zum Eigenverbrauch (ZEV-vZEV)<\/a><\/li>\n<\/ul>\n<p>&nbsp;<\/p>\n","protected":false},"excerpt":{"rendered":"<p>Grundidee von EigenverbrauchPLUS (EV+) EigenverbrauchPLUS\u00a0 bietet Solarstromproduzenten im Versorgungsgebiet der Elektra K\u00fcnten die M\u00f6glichkeit, den Strom vom eigenen Hausdach vor Ort gemeinsam mit Mietern und Nachbarn am gleichen Anschlusspunkt zu nutzen. Das Modell basiert auf dem Praxismodell der Verteilnetzbetreiber (VNB), ist eine Alternative zum Zusammenschluss zum Eigenverbrauch (ZEV)und zudem administrativ einfach zu verwalten. Im Modell [&hellip;]<\/p>\n","protected":false},"author":1,"featured_media":0,"parent":0,"menu_order":0,"comment_status":"closed","ping_status":"closed","template":"","meta":{"footnotes":""},"class_list":["post-1604","page","type-page","status-publish","czr-hentry"],"_links":{"self":[{"href":"https:\/\/www.elektra-kuenten.ch\/index.php?rest_route=\/wp\/v2\/pages\/1604","targetHints":{"allow":["GET"]}}],"collection":[{"href":"https:\/\/www.elektra-kuenten.ch\/index.php?rest_route=\/wp\/v2\/pages"}],"about":[{"href":"https:\/\/www.elektra-kuenten.ch\/index.php?rest_route=\/wp\/v2\/types\/page"}],"author":[{"embeddable":true,"href":"https:\/\/www.elektra-kuenten.ch\/index.php?rest_route=\/wp\/v2\/users\/1"}],"replies":[{"embeddable":true,"href":"https:\/\/www.elektra-kuenten.ch\/index.php?rest_route=%2Fwp%2Fv2%2Fcomments&post=1604"}],"version-history":[{"count":18,"href":"https:\/\/www.elektra-kuenten.ch\/index.php?rest_route=\/wp\/v2\/pages\/1604\/revisions"}],"predecessor-version":[{"id":1634,"href":"https:\/\/www.elektra-kuenten.ch\/index.php?rest_route=\/wp\/v2\/pages\/1604\/revisions\/1634"}],"wp:attachment":[{"href":"https:\/\/www.elektra-kuenten.ch\/index.php?rest_route=%2Fwp%2Fv2%2Fmedia&parent=1604"}],"curies":[{"name":"wp","href":"https:\/\/api.w.org\/{rel}","templated":true}]}}