{"id":23,"date":"2017-05-15T06:48:55","date_gmt":"2017-05-15T06:48:55","guid":{"rendered":"http:\/\/www.elektra-kuenten.ch\/elektra2017\/?page_id=23"},"modified":"2017-08-23T13:54:55","modified_gmt":"2017-08-23T13:54:55","slug":"fakturierung","status":"publish","type":"page","link":"https:\/\/www.elektra-kuenten.ch\/?page_id=23","title":{"rendered":"FAKTURIERUNG"},"content":{"rendered":"<p><strong>Z\u00e4hlerablesung<\/strong><\/p>\n<ul>\n<li>Ende Juni und Ende Dezember<\/li>\n<\/ul>\n<p>&nbsp;<\/p>\n<p><strong>Rechnungsstellung<\/strong><\/p>\n<ul>\n<li>Abrechnungen erfolgen viertelj\u00e4hrlich<\/li>\n<li>Zahlbar innert 30 Tagen<\/li>\n<li>Gutschriften auf n\u00e4chster Abrechnung<\/li>\n<li>Postkonto IBAN CH94 0900 0000 5001 5683 8<\/li>\n<\/ul>\n","protected":false},"excerpt":{"rendered":"<p>Z\u00e4hlerablesung Ende Juni und Ende Dezember &nbsp; Rechnungsstellung Abrechnungen erfolgen viertelj\u00e4hrlich Zahlbar innert 30 Tagen Gutschriften auf n\u00e4chster Abrechnung Postkonto IBAN CH94 0900 0000 5001 5683 8<\/p>\n","protected":false},"author":1,"featured_media":0,"parent":0,"menu_order":0,"comment_status":"closed","ping_status":"closed","template":"","meta":{"footnotes":""},"class_list":["post-23","page","type-page","status-publish","czr-hentry"],"_links":{"self":[{"href":"https:\/\/www.elektra-kuenten.ch\/index.php?rest_route=\/wp\/v2\/pages\/23","targetHints":{"allow":["GET"]}}],"collection":[{"href":"https:\/\/www.elektra-kuenten.ch\/index.php?rest_route=\/wp\/v2\/pages"}],"about":[{"href":"https:\/\/www.elektra-kuenten.ch\/index.php?rest_route=\/wp\/v2\/types\/page"}],"author":[{"embeddable":true,"href":"https:\/\/www.elektra-kuenten.ch\/index.php?rest_route=\/wp\/v2\/users\/1"}],"replies":[{"embeddable":true,"href":"https:\/\/www.elektra-kuenten.ch\/index.php?rest_route=%2Fwp%2Fv2%2Fcomments&post=23"}],"version-history":[{"count":6,"href":"https:\/\/www.elektra-kuenten.ch\/index.php?rest_route=\/wp\/v2\/pages\/23\/revisions"}],"predecessor-version":[{"id":771,"href":"https:\/\/www.elektra-kuenten.ch\/index.php?rest_route=\/wp\/v2\/pages\/23\/revisions\/771"}],"wp:attachment":[{"href":"https:\/\/www.elektra-kuenten.ch\/index.php?rest_route=%2Fwp%2Fv2%2Fmedia&parent=23"}],"curies":[{"name":"wp","href":"https:\/\/api.w.org\/{rel}","templated":true}]}}