{"id":25,"date":"2017-05-15T06:49:07","date_gmt":"2017-05-15T06:49:07","guid":{"rendered":"http:\/\/www.elektra-kuenten.ch\/elektra2017\/?page_id=25"},"modified":"2022-08-31T09:19:43","modified_gmt":"2022-08-31T09:19:43","slug":"genossenschaft","status":"publish","type":"page","link":"https:\/\/www.elektra-kuenten.ch\/?page_id=25","title":{"rendered":"GENOSSENSCHAFT"},"content":{"rendered":"<p>Die Elektra-Genossenschaft K\u00fcnten z\u00e4hlt 125 Mitglieder.<\/p>\n<p>Wer kann bei uns Genossenschafter werden?<br \/>\nGenossenschafter k\u00f6nnen alle nat\u00fcrlichen Personen werden, die im Versorgungsgebiet als Besitzer von Wohnungen, Betrieben oder als Mieter und P\u00e4chter, \u00fcber zugeteilte Messanlagen elektrischen Strom beziehen.<\/p>\n<p>Die Mitgliedschaft wird erworben durch schriftliche Anmeldung an die Verwaltung mit der Verpflichtung ein Eintrittsgeld zu entrichten, dessen H\u00f6he auf Antrag der Verwaltung, die Gemeindeversammlung bestimmt.<\/p>\n","protected":false},"excerpt":{"rendered":"<p>Die Elektra-Genossenschaft K\u00fcnten z\u00e4hlt 125 Mitglieder. Wer kann bei uns Genossenschafter werden? Genossenschafter k\u00f6nnen alle nat\u00fcrlichen Personen werden, die im Versorgungsgebiet als Besitzer von Wohnungen, Betrieben oder als Mieter und P\u00e4chter, \u00fcber zugeteilte Messanlagen elektrischen Strom beziehen. Die Mitgliedschaft wird erworben durch schriftliche Anmeldung an die Verwaltung mit der Verpflichtung ein Eintrittsgeld zu entrichten, dessen [&hellip;]<\/p>\n","protected":false},"author":1,"featured_media":0,"parent":0,"menu_order":0,"comment_status":"closed","ping_status":"closed","template":"","meta":{"footnotes":""},"class_list":["post-25","page","type-page","status-publish","czr-hentry"],"_links":{"self":[{"href":"https:\/\/www.elektra-kuenten.ch\/index.php?rest_route=\/wp\/v2\/pages\/25","targetHints":{"allow":["GET"]}}],"collection":[{"href":"https:\/\/www.elektra-kuenten.ch\/index.php?rest_route=\/wp\/v2\/pages"}],"about":[{"href":"https:\/\/www.elektra-kuenten.ch\/index.php?rest_route=\/wp\/v2\/types\/page"}],"author":[{"embeddable":true,"href":"https:\/\/www.elektra-kuenten.ch\/index.php?rest_route=\/wp\/v2\/users\/1"}],"replies":[{"embeddable":true,"href":"https:\/\/www.elektra-kuenten.ch\/index.php?rest_route=%2Fwp%2Fv2%2Fcomments&post=25"}],"version-history":[{"count":4,"href":"https:\/\/www.elektra-kuenten.ch\/index.php?rest_route=\/wp\/v2\/pages\/25\/revisions"}],"predecessor-version":[{"id":353,"href":"https:\/\/www.elektra-kuenten.ch\/index.php?rest_route=\/wp\/v2\/pages\/25\/revisions\/353"}],"wp:attachment":[{"href":"https:\/\/www.elektra-kuenten.ch\/index.php?rest_route=%2Fwp%2Fv2%2Fmedia&parent=25"}],"curies":[{"name":"wp","href":"https:\/\/api.w.org\/{rel}","templated":true}]}}