{"id":29,"date":"2017-05-15T06:49:32","date_gmt":"2017-05-15T06:49:32","guid":{"rendered":"http:\/\/www.elektra-kuenten.ch\/elektra2017\/?page_id=29"},"modified":"2022-11-18T15:07:09","modified_gmt":"2022-11-18T15:07:09","slug":"kunden","status":"publish","type":"page","link":"https:\/\/www.elektra-kuenten.ch\/?page_id=29","title":{"rendered":"KUNDEN"},"content":{"rendered":"<p><a href=\"https:\/\/kundenportal.encontrol.ch\/kuenten\/Account\/Login?ReturnUrl=%2Fkuenten\" target=\"_blank\" rel=\"noopener\">Web-Kundenportal<\/a><\/p>\n<p><a href=\"https:\/\/www.elektra-kuenten.ch\/?page_id=379\">Anschlussgesuche<\/a><\/p>\n<p><a href=\"https:\/\/www.elektra-kuenten.ch\/?page_id=21\">Energietipps<\/a><\/p>\n<p><a href=\"https:\/\/www.elektra-kuenten.ch\/?page_id=354\">Elektrische Kontrolle<\/a><\/p>\n<p><a href=\"https:\/\/www.elektra-kuenten.ch\/?page_id=53\">Kontakt<\/a><\/p>\n<p><a href=\"https:\/\/www.elektra-kuenten.ch\/?page_id=372\">\u00d6ffnungszeiten B\u00fcro Elektra-Genossenschaft<\/a><\/p>\n<p><a href=\"https:\/\/www.elektra-kuenten.ch\/?page_id=37\">St\u00f6rungen<\/a><\/p>\n<p><a href=\"https:\/\/www.elektra-kuenten.ch\/?page_id=385\">Werkvorschriften<\/a><\/p>\n<p><a href=\"https:\/\/www.elektra-kuenten.ch\/?page_id=317\">Wohnungswechsel<\/a><\/p>\n","protected":false},"excerpt":{"rendered":"<p>Web-Kundenportal Anschlussgesuche Energietipps Elektrische Kontrolle Kontakt \u00d6ffnungszeiten B\u00fcro Elektra-Genossenschaft St\u00f6rungen Werkvorschriften Wohnungswechsel<\/p>\n","protected":false},"author":1,"featured_media":693,"parent":0,"menu_order":0,"comment_status":"closed","ping_status":"closed","template":"","meta":{"footnotes":""},"class_list":["post-29","page","type-page","status-publish","has-post-thumbnail","czr-hentry"],"_links":{"self":[{"href":"https:\/\/www.elektra-kuenten.ch\/index.php?rest_route=\/wp\/v2\/pages\/29","targetHints":{"allow":["GET"]}}],"collection":[{"href":"https:\/\/www.elektra-kuenten.ch\/index.php?rest_route=\/wp\/v2\/pages"}],"about":[{"href":"https:\/\/www.elektra-kuenten.ch\/index.php?rest_route=\/wp\/v2\/types\/page"}],"author":[{"embeddable":true,"href":"https:\/\/www.elektra-kuenten.ch\/index.php?rest_route=\/wp\/v2\/users\/1"}],"replies":[{"embeddable":true,"href":"https:\/\/www.elektra-kuenten.ch\/index.php?rest_route=%2Fwp%2Fv2%2Fcomments&post=29"}],"version-history":[{"count":12,"href":"https:\/\/www.elektra-kuenten.ch\/index.php?rest_route=\/wp\/v2\/pages\/29\/revisions"}],"predecessor-version":[{"id":1366,"href":"https:\/\/www.elektra-kuenten.ch\/index.php?rest_route=\/wp\/v2\/pages\/29\/revisions\/1366"}],"wp:featuredmedia":[{"embeddable":true,"href":"https:\/\/www.elektra-kuenten.ch\/index.php?rest_route=\/wp\/v2\/media\/693"}],"wp:attachment":[{"href":"https:\/\/www.elektra-kuenten.ch\/index.php?rest_route=%2Fwp%2Fv2%2Fmedia&parent=29"}],"curies":[{"name":"wp","href":"https:\/\/api.w.org\/{rel}","templated":true}]}}