{"id":31,"date":"2017-05-15T07:13:47","date_gmt":"2017-05-15T07:13:47","guid":{"rendered":"http:\/\/www.elektra-kuenten.ch\/elektra2017\/?page_id=31"},"modified":"2026-03-30T17:02:54","modified_gmt":"2026-03-30T17:02:54","slug":"news","status":"publish","type":"page","link":"https:\/\/www.elektra-kuenten.ch\/?page_id=31","title":{"rendered":"NEWS"},"content":{"rendered":"<p>30.03.2026<\/p>\n<p><a href=\"https:\/\/kuenterbunt.ch\/\" target=\"_blank\" rel=\"noopener\"><img loading=\"lazy\" decoding=\"async\" class=\"alignnone size-medium wp-image-1601\" src=\"https:\/\/www.elektra-kuenten.ch\/wp-content\/uploads\/2026\/03\/jugend_dorffest_kuenten_2026-400x90.jpg\" alt=\"\" width=\"400\" height=\"90\" srcset=\"https:\/\/www.elektra-kuenten.ch\/wp-content\/uploads\/2026\/03\/jugend_dorffest_kuenten_2026-400x90.jpg 400w, https:\/\/www.elektra-kuenten.ch\/wp-content\/uploads\/2026\/03\/jugend_dorffest_kuenten_2026-768x172.jpg 768w, https:\/\/www.elektra-kuenten.ch\/wp-content\/uploads\/2026\/03\/jugend_dorffest_kuenten_2026.jpg 1000w\" sizes=\"auto, (max-width: 400px) 100vw, 400px\" \/><\/a><\/p>\n<p>&nbsp;<\/p>\n<p>16.03.2026<\/p>\n<p>Gesch\u00e4tzte Genossenschafterinnen und Genossenschafter<\/p>\n<p>Die Generalversammlung 2026 findet am Freitag, 08. Mai 2026, um 19.00 Uhr im Pfarreisaal K\u00fcnten statt.<\/p>\n<p>Die Einladung wird Anfang April 2026 versandt.<\/p>\n<p>Wir freuen uns auf ein zahlreiches Erscheinen.<\/p>\n<p>Die Verwaltung<\/p>\n<p>&nbsp;<\/p>\n<p>17.12.2024<\/p>\n<p><strong>Das papierlose Meldewesen der Elektra K\u00fcnten f\u00fcr die Installateure<\/strong><\/p>\n<p>Mit der Energiewende nehmen die Quantit\u00e4t und Komplexit\u00e4t der an uns gestellten Antr\u00e4ge stetig zu. Um dieses Antragsvolumen bew\u00e4ltigen zu k\u00f6nnen, haben wir an unseren internen Abl\u00e4ufen gearbeitet und diese optimiert. Ab sofort bieten wir einen vollst\u00e4ndig digitalisierten Meldeprozess an; von Ihren Auftr\u00e4gen bis hin zum Abschluss mit dem Sicherheitsnachweis.<br \/>\nDie neue digitale Bearbeitung soll auf beiden Seiten weniger administrativen Aufwand generieren sowie eine bessere Datenqualit\u00e4t sicherstellen.<\/p>\n<p><strong>Ab SOFORT <\/strong>wird dieser Prozess eingef\u00fchrt. Dazu der Link =&gt; <a href=\"https:\/\/elektroform.ch\/online\/kuenten\/\" target=\"_blank\" rel=\"noopener\">https:\/\/elektroform.ch\/online\/kuenten\/<\/a><\/p>\n<p>&nbsp;<\/p>\n<p>22.02.2024<\/p>\n<p>Gesch\u00e4tzte Kundinnen, Gesch\u00e4tzte Kunden<\/p>\n<p>Der Strompreis beinhaltet die Preise f\u00fcr Netznutzung, Energielieferung, Abgaben (allgemeinen Systemdienstleistungen SDL, gesetzliche Abgabe zur F\u00f6rderung erneuerbarer Energien, Mehrwertsteuer MwSt.) und Leistung an das Gemeinwesen (Konzessionsabgaben).<\/p>\n<p><strong>Energie<\/strong><\/p>\n<p>Der Energiepreis ist am Markt in letzter Zeit \u00fcberdurchschnittlich angestiegen. Diese Erh\u00f6hungen machen sich nun bei den Preisen in den Jahren 2023 und 2024 bemerkbar.<\/p>\n<p><strong>Netz<\/strong><\/p>\n<p>Trotz der Preisanpassung unseres Vorlieferanten, der AEW Energie AG, hat die Elektra K\u00fcnten den Netznutzungspreis nicht angehoben (keine Preisweitergabe). Der Netznutzungspreis bleibt f\u00fcr das Jahr 2024 der gleiche wie im Jahr 2023.<\/p>\n<p><strong>Abgaben Bund\/Gemeinde und SDL<\/strong><\/p>\n<p>Die SDL (Systemdienstleistungen des \u00dcbertragungsnetzbetreibers Swissgrid) steigen von 0.46 Rp.\/kWh auf 0.75 Rp.\/kWh.<\/p>\n<p>Der gesetzliche Netzzuschlag des Bundes zur F\u00f6rderung von erneuerbaren Energien und \u00f6kologischen Sanierungen bleibt f\u00fcr das Jahr 2024 unver\u00e4ndert bei 2.30 Rp.\/kWh.<\/p>\n<p>Neu hat der Bund in einer Verordnung angeordnet, dass diese Stromreserven des Bundes \u00fcber Swissgrid verrechnet werden. Swissgrid weist diese nicht von ihr verursachten Kosten \u00fcber einen separaten Tarif \u00abStromreserve\u00bb aus, der sich auf 1.20 Rappen pro Kilowattstunde bel\u00e4uft. Die Konzessionsabgabe (Prozentsatz) an die Gemeinde bleibt unver\u00e4ndert.<\/p>\n<p>Ab 01.01.2024 entfallen die Kehrichtgrundgeb\u00fchren der Gemeinde K\u00fcnten.<\/p>\n<p>&nbsp;<\/p>\n<p>17.01.2024<\/p>\n<p><strong>E-Carsharing<\/strong><\/p>\n<p>Liebe Kunden<\/p>\n<p>Die Verwaltung der Elektra K\u00fcnten hat sich entschlossen, den E-Carsharing-Vertrag mit der AEW Energie AG infolge geringer Auslastung zu k\u00fcndigen.<\/p>\n<p><strong><em>Diese Dienstleistung kann per sofort nicht mehr genutzt werden.<\/em><\/strong><\/p>\n<p>Wir bedauern es sehr und bitten unsere Kunden um Verst\u00e4ndnis.<\/p>\n<p><strong>ELEKTRA<\/strong> <strong>K\u00dcNTEN<\/strong><\/p>\n<p>Die Verwaltung<\/p>\n<p>&nbsp;<\/p>\n<p><strong>Web-Kundenportal<\/strong><\/p>\n<p>Wir freuen uns, Ihnen ab sofort unser Kundenportal anbieten zu k\u00f6nnen.<\/p>\n<p>Nach einer einmaligen\u00a0<span style=\"color: #000000;\"><a style=\"color: #000000;\" href=\"https:\/\/kundenportal.encontrol.ch\/kuenten\/Account\/Login?ReturnUrl=%2Fkuenten\"><strong>Registrierung<\/strong><\/a><\/span> finden Sie im Portal verschiedene Informationen zu Ihren Verbrauchswerten, Produkten und Objekten.<br \/>\nZudem haben Sie die M\u00f6glichkeit, Ihre Rechnungen als pdf-Dokumente herunterzuladen.<\/p>\n<p>Sie k\u00f6nnen uns direkt Mitteilungen schreiben, Umz\u00fcge melden und noch vieles mehr.<\/p>\n<p>____________________________________________________________________________________<\/p>\n<p>&nbsp;<\/p>\n<p><img loading=\"lazy\" decoding=\"async\" class=\"alignnone size-full wp-image-657\" src=\"https:\/\/www.elektra-kuenten.ch\/wp-content\/uploads\/2017\/07\/pdf30.png\" alt=\"\" width=\"33\" height=\"42\" \/> <a href=\"https:\/\/www.elektra-kuenten.ch\/wp-content\/uploads\/2022\/08\/Strompreise_2023_Info_an_Stromkunden.pdf\" target=\"_blank\" rel=\"noopener\">Mitteilung an Stromkunden bez\u00fcglich Strompreiserh\u00f6hung und Energiemarkt<\/a><\/p>\n<p>30.08.2022<\/p>\n<p>&nbsp;<\/p>\n<p>____________________________________________________________________________________<\/p>\n<p>&nbsp;<\/p>\n\n\t\t<style type=\"text\/css\">\n\t\t\t#gallery-2 {\n\t\t\t\tmargin: auto;\n\t\t\t}\n\t\t\t#gallery-2 .gallery-item {\n\t\t\t\tfloat: left;\n\t\t\t\tmargin-top: 10px;\n\t\t\t\ttext-align: center;\n\t\t\t\twidth: 50%;\n\t\t\t}\n\t\t\t#gallery-2 img {\n\t\t\t\tborder: 2px solid #cfcfcf;\n\t\t\t}\n\t\t\t#gallery-2 .gallery-caption {\n\t\t\t\tmargin-left: 0;\n\t\t\t}\n\t\t\t\/* see gallery_shortcode() in wp-includes\/media.php *\/\n\t\t<\/style>\n\t\t<div id='gallery-2' class='gallery galleryid-31 gallery-columns-2 gallery-size-large'><dl class='gallery-item'>\n\t\t\t<dt class='gallery-icon landscape'>\n\t\t\t\t<a class=\"grouped_elements\" rel=\"tc-fancybox-group\" href=\"https:\/\/www.elektra-kuenten.ch\/wp-content\/uploads\/2021\/10\/20210923_180624_zugeschnitten.jpg\" title=\"20210923_180624_zugeschnitten\"><img loading=\"lazy\" decoding=\"async\" width=\"1024\" height=\"731\" src=\"https:\/\/www.elektra-kuenten.ch\/wp-content\/uploads\/2021\/10\/20210923_180624_zugeschnitten-1024x731.jpg\" class=\"attachment-large size-large\" alt=\"\" srcset=\"https:\/\/www.elektra-kuenten.ch\/wp-content\/uploads\/2021\/10\/20210923_180624_zugeschnitten-1024x731.jpg 1024w, https:\/\/www.elektra-kuenten.ch\/wp-content\/uploads\/2021\/10\/20210923_180624_zugeschnitten-400x286.jpg 400w, https:\/\/www.elektra-kuenten.ch\/wp-content\/uploads\/2021\/10\/20210923_180624_zugeschnitten-768x548.jpg 768w, https:\/\/www.elektra-kuenten.ch\/wp-content\/uploads\/2021\/10\/20210923_180624_zugeschnitten-1536x1096.jpg 1536w, https:\/\/www.elektra-kuenten.ch\/wp-content\/uploads\/2021\/10\/20210923_180624_zugeschnitten-2048x1462.jpg 2048w\" sizes=\"auto, (max-width: 1024px) 100vw, 1024px\" \/><\/a>\n\t\t\t<\/dt><\/dl>\n\t\t\t<br style='clear: both' \/>\n\t\t<\/div>\n\n<p>Die Gewinner unseres Wettbewerbs &#8211; Herzliche Gratulation!<br \/>\n23.09.2021<\/p>\n<p>&nbsp;<\/p>\n<p>______________________________________________________________________________________<\/p>\n\n\t\t<style type=\"text\/css\">\n\t\t\t#gallery-4 {\n\t\t\t\tmargin: auto;\n\t\t\t}\n\t\t\t#gallery-4 .gallery-item {\n\t\t\t\tfloat: left;\n\t\t\t\tmargin-top: 10px;\n\t\t\t\ttext-align: center;\n\t\t\t\twidth: 50%;\n\t\t\t}\n\t\t\t#gallery-4 img {\n\t\t\t\tborder: 2px solid #cfcfcf;\n\t\t\t}\n\t\t\t#gallery-4 .gallery-caption {\n\t\t\t\tmargin-left: 0;\n\t\t\t}\n\t\t\t\/* see gallery_shortcode() in wp-includes\/media.php *\/\n\t\t<\/style>\n\t\t<div id='gallery-4' class='gallery galleryid-31 gallery-columns-2 gallery-size-large'><dl class='gallery-item'>\n\t\t\t<dt class='gallery-icon landscape'>\n\t\t\t\t<a class=\"grouped_elements\" rel=\"tc-fancybox-group\" href=\"https:\/\/www.elektra-kuenten.ch\/wp-content\/uploads\/2021\/06\/2021-05-21_Eroeffnung-E-CarsharingA.jpg\" title=\"Er\u00f6ffnung E-Carsharing in K\u00fcnten\"><img loading=\"lazy\" decoding=\"async\" width=\"1024\" height=\"683\" src=\"https:\/\/www.elektra-kuenten.ch\/wp-content\/uploads\/2021\/06\/2021-05-21_Eroeffnung-E-CarsharingA-1024x683.jpg\" class=\"attachment-large size-large\" alt=\"\" srcset=\"https:\/\/www.elektra-kuenten.ch\/wp-content\/uploads\/2021\/06\/2021-05-21_Eroeffnung-E-CarsharingA-1024x683.jpg 1024w, https:\/\/www.elektra-kuenten.ch\/wp-content\/uploads\/2021\/06\/2021-05-21_Eroeffnung-E-CarsharingA-400x267.jpg 400w, https:\/\/www.elektra-kuenten.ch\/wp-content\/uploads\/2021\/06\/2021-05-21_Eroeffnung-E-CarsharingA-768x512.jpg 768w, https:\/\/www.elektra-kuenten.ch\/wp-content\/uploads\/2021\/06\/2021-05-21_Eroeffnung-E-CarsharingA.jpg 1152w\" sizes=\"auto, (max-width: 1024px) 100vw, 1024px\" \/><\/a>\n\t\t\t<\/dt><\/dl>\n\t\t\t<br style='clear: both' \/>\n\t\t<\/div>\n\n<p>Feierliche Er\u00f6ffnung des E-Carsharing durch Urs Hafner (Pr\u00e4sident Elektra K\u00fcnten) und Peter Staubli (Vizepr\u00e4sident)<\/p>\n<p><img loading=\"lazy\" decoding=\"async\" class=\"alignnone size-full wp-image-657\" src=\"https:\/\/www.elektra-kuenten.ch\/wp-content\/uploads\/2017\/07\/pdf30.png\" alt=\"\" width=\"33\" height=\"42\" \/>\u00a0 <a href=\"https:\/\/www.elektra-kuenten.ch\/wp-content\/uploads\/2021\/06\/BBA-E-Car.pdf\" target=\"_blank\" rel=\"noopener\">Bremgarter Bezirks Anzeiger Bericht vom 26. Mai 2021<\/a><\/p>\n<p>21.05.2021<\/p>\n<p>&nbsp;<\/p>\n<p>Jetzt ist es soweit !<\/p>\n<p><strong>Wir er\u00f6ffnen das E-Carsharing und die zwei \u00f6ffentlichen E-Tanks\u00e4ulen<br \/>\nam Freitag, 21.05.2021, von 17.00 Uhr bis 20.00 Uhr.<\/strong><br \/>\nLeider k\u00f6nnen wir wegen den geltenden Corona-Massnahmen die Er\u00f6ffnung nicht wie gew\u00fcnscht durchf\u00fchren (siehe Flyer <a style=\"font-weight: inherit; color: #970505; text-decoration-line: underline; font-family: Verdana, Geneva, sans-serif;\" href=\"https:\/\/www.elektra-kuenten.ch\/wp-content\/uploads\/2021\/05\/E-Carsharing_Kuenten_Flyer_Mai-2021.pdf\">E-Carsharing_K\u00fcnten_Flyer_Mai-2021<\/a><span style=\"background-color: #ffffff; font-family: Verdana, Geneva, sans-serif; font-weight: inherit;\">).<\/span><\/p>\n\n\t\t<style type=\"text\/css\">\n\t\t\t#gallery-6 {\n\t\t\t\tmargin: auto;\n\t\t\t}\n\t\t\t#gallery-6 .gallery-item {\n\t\t\t\tfloat: left;\n\t\t\t\tmargin-top: 10px;\n\t\t\t\ttext-align: center;\n\t\t\t\twidth: 33%;\n\t\t\t}\n\t\t\t#gallery-6 img {\n\t\t\t\tborder: 2px solid #cfcfcf;\n\t\t\t}\n\t\t\t#gallery-6 .gallery-caption {\n\t\t\t\tmargin-left: 0;\n\t\t\t}\n\t\t\t\/* see gallery_shortcode() in wp-includes\/media.php *\/\n\t\t<\/style>\n\t\t<div id='gallery-6' class='gallery galleryid-31 gallery-columns-3 gallery-size-large'><dl class='gallery-item'>\n\t\t\t<dt class='gallery-icon landscape'>\n\t\t\t\t<a class=\"grouped_elements\" rel=\"tc-fancybox-group\" href=\"https:\/\/www.elektra-kuenten.ch\/wp-content\/uploads\/2021\/05\/Auto-BMW-i3_2-scaled-e1622663988543.jpg\" title=\"Auto BMW i3\"><img loading=\"lazy\" decoding=\"async\" width=\"1024\" height=\"619\" src=\"https:\/\/www.elektra-kuenten.ch\/wp-content\/uploads\/2021\/05\/Auto-BMW-i3_2-scaled-e1622663988543-1024x619.jpg\" class=\"attachment-large size-large\" alt=\"\" srcset=\"https:\/\/www.elektra-kuenten.ch\/wp-content\/uploads\/2021\/05\/Auto-BMW-i3_2-scaled-e1622663988543-1024x619.jpg 1024w, https:\/\/www.elektra-kuenten.ch\/wp-content\/uploads\/2021\/05\/Auto-BMW-i3_2-scaled-e1622663988543-400x242.jpg 400w, https:\/\/www.elektra-kuenten.ch\/wp-content\/uploads\/2021\/05\/Auto-BMW-i3_2-scaled-e1622663988543-768x464.jpg 768w, https:\/\/www.elektra-kuenten.ch\/wp-content\/uploads\/2021\/05\/Auto-BMW-i3_2-scaled-e1622663988543-1536x929.jpg 1536w, https:\/\/www.elektra-kuenten.ch\/wp-content\/uploads\/2021\/05\/Auto-BMW-i3_2-scaled-e1622663988543-2048x1238.jpg 2048w\" sizes=\"auto, (max-width: 1024px) 100vw, 1024px\" \/><\/a>\n\t\t\t<\/dt><\/dl><dl class='gallery-item'>\n\t\t\t<dt class='gallery-icon landscape'>\n\t\t\t\t<a class=\"grouped_elements\" rel=\"tc-fancybox-group\" href=\"https:\/\/www.elektra-kuenten.ch\/wp-content\/uploads\/2021\/05\/Auto-BMW-i3_1-scaled-e1622663902833.jpg\" title=\"Auto BMW i3\"><img loading=\"lazy\" decoding=\"async\" width=\"1024\" height=\"619\" src=\"https:\/\/www.elektra-kuenten.ch\/wp-content\/uploads\/2021\/05\/Auto-BMW-i3_1-scaled-e1622663902833-1024x619.jpg\" class=\"attachment-large size-large\" alt=\"\" srcset=\"https:\/\/www.elektra-kuenten.ch\/wp-content\/uploads\/2021\/05\/Auto-BMW-i3_1-scaled-e1622663902833-1024x619.jpg 1024w, https:\/\/www.elektra-kuenten.ch\/wp-content\/uploads\/2021\/05\/Auto-BMW-i3_1-scaled-e1622663902833-400x242.jpg 400w, https:\/\/www.elektra-kuenten.ch\/wp-content\/uploads\/2021\/05\/Auto-BMW-i3_1-scaled-e1622663902833-768x464.jpg 768w, https:\/\/www.elektra-kuenten.ch\/wp-content\/uploads\/2021\/05\/Auto-BMW-i3_1-scaled-e1622663902833-1536x929.jpg 1536w, https:\/\/www.elektra-kuenten.ch\/wp-content\/uploads\/2021\/05\/Auto-BMW-i3_1-scaled-e1622663902833-2048x1238.jpg 2048w\" sizes=\"auto, (max-width: 1024px) 100vw, 1024px\" \/><\/a>\n\t\t\t<\/dt><\/dl>\n\t\t\t<br style='clear: both' \/>\n\t\t<\/div>\n\n<p>Trotz den Einschr\u00e4nkungen freuen wir uns auf Ihr Interesse und den Besuch bei uns an der Tanks\u00e4ule beim Gemeindehaus am Kirchweg 11!<\/p>\n","protected":false},"excerpt":{"rendered":"<p>30.03.2026 &nbsp; 16.03.2026 Gesch\u00e4tzte Genossenschafterinnen und Genossenschafter Die Generalversammlung 2026 findet am Freitag, 08. Mai 2026, um 19.00 Uhr im Pfarreisaal K\u00fcnten statt. Die Einladung wird Anfang April 2026 versandt. Wir freuen uns auf ein zahlreiches Erscheinen. Die Verwaltung &nbsp; 17.12.2024 Das papierlose Meldewesen der Elektra K\u00fcnten f\u00fcr die Installateure Mit der Energiewende nehmen die [&hellip;]<\/p>\n","protected":false},"author":1,"featured_media":0,"parent":0,"menu_order":0,"comment_status":"closed","ping_status":"closed","template":"","meta":{"footnotes":""},"class_list":["post-31","page","type-page","status-publish","czr-hentry"],"_links":{"self":[{"href":"https:\/\/www.elektra-kuenten.ch\/index.php?rest_route=\/wp\/v2\/pages\/31","targetHints":{"allow":["GET"]}}],"collection":[{"href":"https:\/\/www.elektra-kuenten.ch\/index.php?rest_route=\/wp\/v2\/pages"}],"about":[{"href":"https:\/\/www.elektra-kuenten.ch\/index.php?rest_route=\/wp\/v2\/types\/page"}],"author":[{"embeddable":true,"href":"https:\/\/www.elektra-kuenten.ch\/index.php?rest_route=\/wp\/v2\/users\/1"}],"replies":[{"embeddable":true,"href":"https:\/\/www.elektra-kuenten.ch\/index.php?rest_route=%2Fwp%2Fv2%2Fcomments&post=31"}],"version-history":[{"count":82,"href":"https:\/\/www.elektra-kuenten.ch\/index.php?rest_route=\/wp\/v2\/pages\/31\/revisions"}],"predecessor-version":[{"id":1602,"href":"https:\/\/www.elektra-kuenten.ch\/index.php?rest_route=\/wp\/v2\/pages\/31\/revisions\/1602"}],"wp:attachment":[{"href":"https:\/\/www.elektra-kuenten.ch\/index.php?rest_route=%2Fwp%2Fv2%2Fmedia&parent=31"}],"curies":[{"name":"wp","href":"https:\/\/api.w.org\/{rel}","templated":true}]}}