{"id":317,"date":"2017-05-31T07:58:53","date_gmt":"2017-05-31T07:58:53","guid":{"rendered":"http:\/\/www.elektra-kuenten.ch\/elektra2017\/?page_id=317"},"modified":"2020-05-14T15:28:21","modified_gmt":"2020-05-14T15:28:21","slug":"wohnungunswechsel","status":"publish","type":"page","link":"https:\/\/www.elektra-kuenten.ch\/?page_id=317","title":{"rendered":"WOHNUNGSWECHSEL"},"content":{"rendered":"<p>Bitte melden Sie uns vor Ihrem Umzug die alte und neue Adresse sowie den Umzugstermin. So k\u00f6nnen wir daf\u00fcr sorgen, dass Ihre Z\u00e4hlerst\u00e4nde termingerecht und korrekt abgerechnet werden und niemand nach Ihrem Auszug auf Ihre Kosten Energie und Wasser verbraucht.<\/p>\n<p>&nbsp;<\/p>\n<p>Benutzen Sie das\u00a0<a href=\"https:\/\/www.elektra-kuenten.ch\/?page_id=49\">Online-Umzugsformular <\/a>um Ihren Umzug zu melden. Das ist f\u00fcr Sie der schnellste und einfachste Weg.<\/p>\n<p>&nbsp;<\/p>\n<p>Als Alternative stellen wir Ihnen das untenstehende Formular zur Verf\u00fcgung oder Sie k\u00f6nnen uns telefonisch kontaktieren:<\/p>\n<ul>\n<li><a href=\"https:\/\/www.elektra-kuenten.ch\/wp-content\/uploads\/2017\/05\/Wohnungswechsel.docx\">Wohnungswechsel<\/a> downloaden, ausf\u00fcllen und an Elektra-Genossenschaft, Kirchweg 11, 5444 K\u00fcnten schicken.<\/li>\n<li>per Telefon 056 496 49 23<\/li>\n<\/ul>\n<p>&nbsp;<\/p>\n<p>&nbsp;<\/p>\n","protected":false},"excerpt":{"rendered":"<p>Bitte melden Sie uns vor Ihrem Umzug die alte und neue Adresse sowie den Umzugstermin. So k\u00f6nnen wir daf\u00fcr sorgen, dass Ihre Z\u00e4hlerst\u00e4nde termingerecht und korrekt abgerechnet werden und niemand nach Ihrem Auszug auf Ihre Kosten Energie und Wasser verbraucht. &nbsp; Benutzen Sie das\u00a0Online-Umzugsformular um Ihren Umzug zu melden. Das ist f\u00fcr Sie der schnellste [&hellip;]<\/p>\n","protected":false},"author":1,"featured_media":0,"parent":0,"menu_order":0,"comment_status":"closed","ping_status":"closed","template":"","meta":{"footnotes":""},"class_list":["post-317","page","type-page","status-publish","czr-hentry"],"_links":{"self":[{"href":"https:\/\/www.elektra-kuenten.ch\/index.php?rest_route=\/wp\/v2\/pages\/317","targetHints":{"allow":["GET"]}}],"collection":[{"href":"https:\/\/www.elektra-kuenten.ch\/index.php?rest_route=\/wp\/v2\/pages"}],"about":[{"href":"https:\/\/www.elektra-kuenten.ch\/index.php?rest_route=\/wp\/v2\/types\/page"}],"author":[{"embeddable":true,"href":"https:\/\/www.elektra-kuenten.ch\/index.php?rest_route=\/wp\/v2\/users\/1"}],"replies":[{"embeddable":true,"href":"https:\/\/www.elektra-kuenten.ch\/index.php?rest_route=%2Fwp%2Fv2%2Fcomments&post=317"}],"version-history":[{"count":17,"href":"https:\/\/www.elektra-kuenten.ch\/index.php?rest_route=\/wp\/v2\/pages\/317\/revisions"}],"predecessor-version":[{"id":1156,"href":"https:\/\/www.elektra-kuenten.ch\/index.php?rest_route=\/wp\/v2\/pages\/317\/revisions\/1156"}],"wp:attachment":[{"href":"https:\/\/www.elektra-kuenten.ch\/index.php?rest_route=%2Fwp%2Fv2%2Fmedia&parent=317"}],"curies":[{"name":"wp","href":"https:\/\/api.w.org\/{rel}","templated":true}]}}