{"id":33,"date":"2017-05-15T07:13:57","date_gmt":"2017-05-15T07:13:57","guid":{"rendered":"http:\/\/www.elektra-kuenten.ch\/elektra2017\/?page_id=33"},"modified":"2025-08-25T09:45:37","modified_gmt":"2025-08-25T09:45:37","slug":"preise","status":"publish","type":"page","link":"https:\/\/www.elektra-kuenten.ch\/?page_id=33","title":{"rendered":"PREISE"},"content":{"rendered":"<p>Die Elektra-Genossenschaft K\u00fcnten bietet Ihnen einfache und transparente Modelle f\u00fcr Ihren Strombezug.<\/p>\n<p>Das Stromversorgungsgesetz (StromVG) sowie die entsprechende Verordnung (Strom VV) \u00f6ffnen in einem ersten Schritt den Strommarkt ab 01. Januar 2009. Endverbraucher mit einem Verbrauch von \u00fcber 100MWh k\u00f6nnen nun ihren Stromlieferanten frei w\u00e4hlen.<\/p>\n<p>Der Strompreis f\u00fcr alle Kunden setzt sich aus den folgenden Komponenten zusammen:<\/p>\n<p><strong>Netznutzung<\/strong><br \/>\nKosten f\u00fcr Energietransport und Einspeisung<\/p>\n<p><strong>Energielieferung<\/strong><br \/>\nKosten f\u00fcr Produktion oder Beschaffung des Stroms<\/p>\n<p><strong>Systemdienstleistungen \/ Abgaben<\/strong><br \/>\nGesetzliche Abgaben an SWISSGRID f\u00fcr Systemdienstleistungen im H\u00f6chstspannungsnetz (SDL), Abgaben f\u00fcr die kostendeckende Einspeiseverg\u00fctung (KEV), Stromreserve und Solidarisierte Kosten<\/p>\n<p><strong>Konzessionsabgabe an die Gemeinde<br \/>\n<\/strong>Die Elektra Genossenschaft K\u00fcnten entsch\u00e4digt die Einwohnergemeinde K\u00fcnten ab 01.01.2009 mit 6% der Einnahmen aus der Netznutzung<\/p>\n<p>&nbsp;<\/p>\n<p><img loading=\"lazy\" decoding=\"async\" class=\"alignnone size-full wp-image-657\" src=\"https:\/\/www.elektra-kuenten.ch\/wp-content\/uploads\/2017\/07\/pdf30.png\" alt=\"\" width=\"33\" height=\"42\" \/> <a href=\"https:\/\/www.elektra-kuenten.ch\/wp-content\/uploads\/2025\/08\/Sperrzeiten_2025.pdf\" target=\"_blank\" rel=\"noopener\">Preiszonen, Sperr- und Schaltzeiten in unserem Niederspannungsnetz<\/a><\/p>\n<p>&nbsp;<\/p>\n<p><strong>Unsere Preismodelle und Kundeninformationen im Detail<br \/>\n<\/strong><\/p>\n<p><a href=\"https:\/\/www.elektra-kuenten.ch\/?page_id=1542\">Strompreise 2026<\/a><\/p>\n<p><a href=\"https:\/\/www.elektra-kuenten.ch\/?page_id=1467\" target=\"_blank\" rel=\"noopener\">Strompreise 2025<\/a><\/p>\n<p><a href=\"https:\/\/www.elektra-kuenten.ch\/?page_id=1421\" target=\"_blank\" rel=\"noopener\">Strompreise 2024<\/a><\/p>\n<p><a href=\"https:\/\/www.elektra-kuenten.ch\/?page_id=1307\">Strompreise 2023<\/a><\/p>\n<p><a href=\"https:\/\/www.elektra-kuenten.ch\/?page_id=1261\" rel=\"noopener\">Strompreise 2022<\/a><\/p>\n<p>&nbsp;<\/p>\n<p>Die eingesetzten Energietr\u00e4ger und die Produktionsart sind gr\u00f6sstenteils produziert aus Wasserkraft, Kernenergie und PV aus dem Inland. Der effektive Strommix ist der Stromkennzeichnung des jeweiligen Lieferjahres zu entnehmen. Details finden Sie unter <a href=\"https:\/\/www.elektra-kuenten.ch\/?page_id=41\">Stromkennzeichnung<\/a>.<\/p>\n<p>&nbsp;<\/p>\n<p>&nbsp;<\/p>\n","protected":false},"excerpt":{"rendered":"<p>Die Elektra-Genossenschaft K\u00fcnten bietet Ihnen einfache und transparente Modelle f\u00fcr Ihren Strombezug. Das Stromversorgungsgesetz (StromVG) sowie die entsprechende Verordnung (Strom VV) \u00f6ffnen in einem ersten Schritt den Strommarkt ab 01. Januar 2009. Endverbraucher mit einem Verbrauch von \u00fcber 100MWh k\u00f6nnen nun ihren Stromlieferanten frei w\u00e4hlen. Der Strompreis f\u00fcr alle Kunden setzt sich aus den folgenden [&hellip;]<\/p>\n","protected":false},"author":1,"featured_media":688,"parent":0,"menu_order":0,"comment_status":"closed","ping_status":"closed","template":"","meta":{"footnotes":""},"class_list":["post-33","page","type-page","status-publish","has-post-thumbnail","czr-hentry"],"_links":{"self":[{"href":"https:\/\/www.elektra-kuenten.ch\/index.php?rest_route=\/wp\/v2\/pages\/33","targetHints":{"allow":["GET"]}}],"collection":[{"href":"https:\/\/www.elektra-kuenten.ch\/index.php?rest_route=\/wp\/v2\/pages"}],"about":[{"href":"https:\/\/www.elektra-kuenten.ch\/index.php?rest_route=\/wp\/v2\/types\/page"}],"author":[{"embeddable":true,"href":"https:\/\/www.elektra-kuenten.ch\/index.php?rest_route=\/wp\/v2\/users\/1"}],"replies":[{"embeddable":true,"href":"https:\/\/www.elektra-kuenten.ch\/index.php?rest_route=%2Fwp%2Fv2%2Fcomments&post=33"}],"version-history":[{"count":67,"href":"https:\/\/www.elektra-kuenten.ch\/index.php?rest_route=\/wp\/v2\/pages\/33\/revisions"}],"predecessor-version":[{"id":1494,"href":"https:\/\/www.elektra-kuenten.ch\/index.php?rest_route=\/wp\/v2\/pages\/33\/revisions\/1494"}],"wp:featuredmedia":[{"embeddable":true,"href":"https:\/\/www.elektra-kuenten.ch\/index.php?rest_route=\/wp\/v2\/media\/688"}],"wp:attachment":[{"href":"https:\/\/www.elektra-kuenten.ch\/index.php?rest_route=%2Fwp%2Fv2%2Fmedia&parent=33"}],"curies":[{"name":"wp","href":"https:\/\/api.w.org\/{rel}","templated":true}]}}