{"id":37,"date":"2017-05-15T07:14:32","date_gmt":"2017-05-15T07:14:32","guid":{"rendered":"http:\/\/www.elektra-kuenten.ch\/elektra2017\/?page_id=37"},"modified":"2017-06-08T09:57:20","modified_gmt":"2017-06-08T09:57:20","slug":"stoerungen","status":"publish","type":"page","link":"https:\/\/www.elektra-kuenten.ch\/?page_id=37","title":{"rendered":"ST\u00d6RUNGEN"},"content":{"rendered":"<p>Um eine einwandfreie Stromversorgung rund um die Uhr und w\u00e4hrend 365 Tagen gew\u00e4hrleisten zu k\u00f6nnen, haben wir mit der Energie AG eine Betriebs-Vereinbarung abgeschlossen.<\/p>\n<p>Die AEW Energie AG hat ab 01.01.2002 den Pikettdienst und die St\u00f6rungsbehebung im Mittelspannungs- und Niederspannungsnetz des gesamten Versorgungsgebietes der Elektra-Genossenschaft K\u00fcnten \u00fcbernommen. Dadurch ist eine sofortige Lokalisierung und Behebung von Netzst\u00f6rungen gew\u00e4hrleistet.<\/p>\n<p>Sollten Sie St\u00f6rungen an unserem Strom-Netz feststellen, melden Sie sich umgehend unter folgender Nummer:<\/p>\n<p><strong>St\u00f6rungsdienst: 0800 85 08 08<\/strong><\/p>\n<p>Es ist zu beachten, dass dies das Mittelspannungs- und Niederspannungsnetz bis zu Ihrem Verteilkasten betrifft. Treten St\u00f6rungen oder Defekte ab diesem Verteilkasten auf, so melden Sie dies bitte Ihrem zust\u00e4ndigen Elektro-Hausinstallateur.<\/p>\n","protected":false},"excerpt":{"rendered":"<p>Um eine einwandfreie Stromversorgung rund um die Uhr und w\u00e4hrend 365 Tagen gew\u00e4hrleisten zu k\u00f6nnen, haben wir mit der Energie AG eine Betriebs-Vereinbarung abgeschlossen. Die AEW Energie AG hat ab 01.01.2002 den Pikettdienst und die St\u00f6rungsbehebung im Mittelspannungs- und Niederspannungsnetz des gesamten Versorgungsgebietes der Elektra-Genossenschaft K\u00fcnten \u00fcbernommen. Dadurch ist eine sofortige Lokalisierung und Behebung von [&hellip;]<\/p>\n","protected":false},"author":1,"featured_media":0,"parent":0,"menu_order":0,"comment_status":"closed","ping_status":"closed","template":"","meta":{"footnotes":""},"class_list":["post-37","page","type-page","status-publish","czr-hentry"],"_links":{"self":[{"href":"https:\/\/www.elektra-kuenten.ch\/index.php?rest_route=\/wp\/v2\/pages\/37","targetHints":{"allow":["GET"]}}],"collection":[{"href":"https:\/\/www.elektra-kuenten.ch\/index.php?rest_route=\/wp\/v2\/pages"}],"about":[{"href":"https:\/\/www.elektra-kuenten.ch\/index.php?rest_route=\/wp\/v2\/types\/page"}],"author":[{"embeddable":true,"href":"https:\/\/www.elektra-kuenten.ch\/index.php?rest_route=\/wp\/v2\/users\/1"}],"replies":[{"embeddable":true,"href":"https:\/\/www.elektra-kuenten.ch\/index.php?rest_route=%2Fwp%2Fv2%2Fcomments&post=37"}],"version-history":[{"count":3,"href":"https:\/\/www.elektra-kuenten.ch\/index.php?rest_route=\/wp\/v2\/pages\/37\/revisions"}],"predecessor-version":[{"id":364,"href":"https:\/\/www.elektra-kuenten.ch\/index.php?rest_route=\/wp\/v2\/pages\/37\/revisions\/364"}],"wp:attachment":[{"href":"https:\/\/www.elektra-kuenten.ch\/index.php?rest_route=%2Fwp%2Fv2%2Fmedia&parent=37"}],"curies":[{"name":"wp","href":"https:\/\/api.w.org\/{rel}","templated":true}]}}