{"id":372,"date":"2017-06-02T15:06:21","date_gmt":"2017-06-02T15:06:21","guid":{"rendered":"http:\/\/www.elektra-kuenten.ch\/elektra2017\/?page_id=372"},"modified":"2018-02-23T13:43:59","modified_gmt":"2018-02-23T13:43:59","slug":"oeffnungszeiten","status":"publish","type":"page","link":"https:\/\/www.elektra-kuenten.ch\/?page_id=372","title":{"rendered":"OEFFNUNGSZEITEN"},"content":{"rendered":"<p><strong>B\u00fcro Elektra-Genossenschaft K\u00fcnten<\/strong><\/p>\n<p>Unser B\u00fcro am Kirchweg 11 in K\u00fcnten ist wie folgt ge\u00f6ffnet:<\/p>\n<p>Montag \u00a0 \u00a0 \u00a0 \u00a0 \u00a0 \u00a0\u00a0 08.15 &#8211; 11.45 Uhr<\/p>\n<p>Donnerstag \u00a0 \u00a0 \u00a0\u00a0 08.00 &#8211; 11.45 Uhr und 13.30 &#8211; 16.30 Uhr<\/p>\n<p>Ausnahmen: \u00a0 \u00a0\u00a0 Allg. Feiertage und Schulferienzeit<\/p>\n","protected":false},"excerpt":{"rendered":"<p>B\u00fcro Elektra-Genossenschaft K\u00fcnten Unser B\u00fcro am Kirchweg 11 in K\u00fcnten ist wie folgt ge\u00f6ffnet: Montag \u00a0 \u00a0 \u00a0 \u00a0 \u00a0 \u00a0\u00a0 08.15 &#8211; 11.45 Uhr Donnerstag \u00a0 \u00a0 \u00a0\u00a0 08.00 &#8211; 11.45 Uhr und 13.30 &#8211; 16.30 Uhr Ausnahmen: \u00a0 \u00a0\u00a0 Allg. Feiertage und Schulferienzeit<\/p>\n","protected":false},"author":1,"featured_media":0,"parent":0,"menu_order":0,"comment_status":"closed","ping_status":"closed","template":"","meta":{"footnotes":""},"class_list":["post-372","page","type-page","status-publish","czr-hentry"],"_links":{"self":[{"href":"https:\/\/www.elektra-kuenten.ch\/index.php?rest_route=\/wp\/v2\/pages\/372","targetHints":{"allow":["GET"]}}],"collection":[{"href":"https:\/\/www.elektra-kuenten.ch\/index.php?rest_route=\/wp\/v2\/pages"}],"about":[{"href":"https:\/\/www.elektra-kuenten.ch\/index.php?rest_route=\/wp\/v2\/types\/page"}],"author":[{"embeddable":true,"href":"https:\/\/www.elektra-kuenten.ch\/index.php?rest_route=\/wp\/v2\/users\/1"}],"replies":[{"embeddable":true,"href":"https:\/\/www.elektra-kuenten.ch\/index.php?rest_route=%2Fwp%2Fv2%2Fcomments&post=372"}],"version-history":[{"count":10,"href":"https:\/\/www.elektra-kuenten.ch\/index.php?rest_route=\/wp\/v2\/pages\/372\/revisions"}],"predecessor-version":[{"id":920,"href":"https:\/\/www.elektra-kuenten.ch\/index.php?rest_route=\/wp\/v2\/pages\/372\/revisions\/920"}],"wp:attachment":[{"href":"https:\/\/www.elektra-kuenten.ch\/index.php?rest_route=%2Fwp%2Fv2%2Fmedia&parent=372"}],"curies":[{"name":"wp","href":"https:\/\/api.w.org\/{rel}","templated":true}]}}