{"id":379,"date":"2017-06-02T15:11:58","date_gmt":"2017-06-02T15:11:58","guid":{"rendered":"http:\/\/www.elektra-kuenten.ch\/elektra2017\/?page_id=379"},"modified":"2026-03-30T09:10:49","modified_gmt":"2026-03-30T09:10:49","slug":"anschlussgesuche","status":"publish","type":"page","link":"https:\/\/www.elektra-kuenten.ch\/?page_id=379","title":{"rendered":"ANSCHLUSSGESUCHE"},"content":{"rendered":"<p><img loading=\"lazy\" decoding=\"async\" class=\"alignnone size-full wp-image-672\" src=\"https:\/\/www.elektra-kuenten.ch\/wp-content\/uploads\/2017\/06\/word.png\" alt=\"\" width=\"33\" height=\"31\" \/><a href=\"https:\/\/www.elektra-kuenten.ch\/wp-content\/uploads\/2017\/06\/Anschlussgesuch_EEA_EGK.docx\" target=\"_blank\" rel=\"noopener\"> Anschlussgesuch f\u00fcr Energieerzeugungsanlagen (EEA)<\/a><\/p>\n<p><a href=\"https:\/\/www.elektra-kuenten.ch\/wp-content\/uploads\/2018\/03\/Elektra-K\u00fcnten_Anschlussgesuch_Gesuch_Neubau_oder_Verst\u00e4rkung.docx\"><img loading=\"lazy\" decoding=\"async\" class=\"alignnone size-full wp-image-672\" src=\"https:\/\/www.elektra-kuenten.ch\/wp-content\/uploads\/2017\/06\/word.png\" alt=\"Word-Datei\" width=\"33\" height=\"31\" \/> <\/a><a href=\"https:\/\/www.elektra-kuenten.ch\/wp-content\/uploads\/2024\/07\/Elektra-Kuenten_Anschlussgesuch_Gesuch_Neubau_oder_Verstaerkung.docx\">Anschlussgesuch f\u00fcr Neubau oder Verst\u00e4rkung<\/a><\/p>\n<p>&nbsp;<\/p>\n","protected":false},"excerpt":{"rendered":"<p>Anschlussgesuch f\u00fcr Energieerzeugungsanlagen (EEA) Anschlussgesuch f\u00fcr Neubau oder Verst\u00e4rkung &nbsp;<\/p>\n","protected":false},"author":1,"featured_media":0,"parent":0,"menu_order":0,"comment_status":"closed","ping_status":"closed","template":"","meta":{"footnotes":""},"class_list":["post-379","page","type-page","status-publish","czr-hentry"],"_links":{"self":[{"href":"https:\/\/www.elektra-kuenten.ch\/index.php?rest_route=\/wp\/v2\/pages\/379","targetHints":{"allow":["GET"]}}],"collection":[{"href":"https:\/\/www.elektra-kuenten.ch\/index.php?rest_route=\/wp\/v2\/pages"}],"about":[{"href":"https:\/\/www.elektra-kuenten.ch\/index.php?rest_route=\/wp\/v2\/types\/page"}],"author":[{"embeddable":true,"href":"https:\/\/www.elektra-kuenten.ch\/index.php?rest_route=\/wp\/v2\/users\/1"}],"replies":[{"embeddable":true,"href":"https:\/\/www.elektra-kuenten.ch\/index.php?rest_route=%2Fwp%2Fv2%2Fcomments&post=379"}],"version-history":[{"count":19,"href":"https:\/\/www.elektra-kuenten.ch\/index.php?rest_route=\/wp\/v2\/pages\/379\/revisions"}],"predecessor-version":[{"id":1599,"href":"https:\/\/www.elektra-kuenten.ch\/index.php?rest_route=\/wp\/v2\/pages\/379\/revisions\/1599"}],"wp:attachment":[{"href":"https:\/\/www.elektra-kuenten.ch\/index.php?rest_route=%2Fwp%2Fv2%2Fmedia&parent=379"}],"curies":[{"name":"wp","href":"https:\/\/api.w.org\/{rel}","templated":true}]}}