{"id":39,"date":"2017-05-15T07:14:42","date_gmt":"2017-05-15T07:14:42","guid":{"rendered":"http:\/\/www.elektra-kuenten.ch\/elektra2017\/?page_id=39"},"modified":"2017-05-30T12:47:40","modified_gmt":"2017-05-30T12:47:40","slug":"strom","status":"publish","type":"page","link":"https:\/\/www.elektra-kuenten.ch\/?page_id=39","title":{"rendered":"STROM"},"content":{"rendered":"<p>Strom spielt in unserem privaten und beruflichen Alltag eine entscheidende Rolle. Fast unbemerkt verbrauchen wir t\u00e4glich kleinere und gr\u00f6ssere Mengen an Kilowattstunden und sch\u00e4tzen\u00a0die sichere und kosteng\u00fcnstige Zulieferung.<\/p>\n<p>Strom macht einen Viertel des gesamten Energieverbrauchs in der Schweiz aus. Es ist\u00a0diejenige Energieform, die am vielf\u00e4ltigsten\u00a0genutzt und in allen Bereichen des t\u00e4glichen Lebens eingesetzt werden kann.<\/p>\n<p>Ein Drittel des gesamten Stromverbrauchs wird in privaten Haushalten konsumiert, rund 60 Prozent entfallen auf Industrie, Gewerbe und Dienstleistungen, die restlichen 8 Prozent auf den Verkehr.<\/p>\n","protected":false},"excerpt":{"rendered":"<p>Strom spielt in unserem privaten und beruflichen Alltag eine entscheidende Rolle. Fast unbemerkt verbrauchen wir t\u00e4glich kleinere und gr\u00f6ssere Mengen an Kilowattstunden und sch\u00e4tzen\u00a0die sichere und kosteng\u00fcnstige Zulieferung. Strom macht einen Viertel des gesamten Energieverbrauchs in der Schweiz aus. Es ist\u00a0diejenige Energieform, die am vielf\u00e4ltigsten\u00a0genutzt und in allen Bereichen des t\u00e4glichen Lebens eingesetzt werden kann. [&hellip;]<\/p>\n","protected":false},"author":1,"featured_media":106,"parent":0,"menu_order":0,"comment_status":"closed","ping_status":"closed","template":"","meta":{"footnotes":""},"class_list":["post-39","page","type-page","status-publish","has-post-thumbnail","czr-hentry"],"_links":{"self":[{"href":"https:\/\/www.elektra-kuenten.ch\/index.php?rest_route=\/wp\/v2\/pages\/39","targetHints":{"allow":["GET"]}}],"collection":[{"href":"https:\/\/www.elektra-kuenten.ch\/index.php?rest_route=\/wp\/v2\/pages"}],"about":[{"href":"https:\/\/www.elektra-kuenten.ch\/index.php?rest_route=\/wp\/v2\/types\/page"}],"author":[{"embeddable":true,"href":"https:\/\/www.elektra-kuenten.ch\/index.php?rest_route=\/wp\/v2\/users\/1"}],"replies":[{"embeddable":true,"href":"https:\/\/www.elektra-kuenten.ch\/index.php?rest_route=%2Fwp%2Fv2%2Fcomments&post=39"}],"version-history":[{"count":5,"href":"https:\/\/www.elektra-kuenten.ch\/index.php?rest_route=\/wp\/v2\/pages\/39\/revisions"}],"predecessor-version":[{"id":287,"href":"https:\/\/www.elektra-kuenten.ch\/index.php?rest_route=\/wp\/v2\/pages\/39\/revisions\/287"}],"wp:featuredmedia":[{"embeddable":true,"href":"https:\/\/www.elektra-kuenten.ch\/index.php?rest_route=\/wp\/v2\/media\/106"}],"wp:attachment":[{"href":"https:\/\/www.elektra-kuenten.ch\/index.php?rest_route=%2Fwp%2Fv2%2Fmedia&parent=39"}],"curies":[{"name":"wp","href":"https:\/\/api.w.org\/{rel}","templated":true}]}}