{"id":396,"date":"2017-06-02T15:28:40","date_gmt":"2017-06-02T15:28:40","guid":{"rendered":"http:\/\/www.elektra-kuenten.ch\/elektra2017\/?page_id=396"},"modified":"2020-12-08T17:42:57","modified_gmt":"2020-12-08T17:42:57","slug":"medien","status":"publish","type":"page","link":"https:\/\/www.elektra-kuenten.ch\/?page_id=396","title":{"rendered":"MEDIEN"},"content":{"rendered":"<p><a href=\"https:\/\/www.elektra-kuenten.ch\/wp-content\/uploads\/2017\/08\/broschuere_100Jahre_EGK.pdf\" target=\"_blank\" rel=\"noopener noreferrer\"><img loading=\"lazy\" decoding=\"async\" class=\"alignnone size-full wp-image-657\" src=\"https:\/\/www.elektra-kuenten.ch\/wp-content\/uploads\/2017\/07\/pdf30.png\" alt=\"\" width=\"33\" height=\"42\" \/><\/a> \u00a0 <a href=\"https:\/\/www.elektra-kuenten.ch\/wp-content\/uploads\/2017\/08\/broschuere_100Jahre_EGK.pdf\" target=\"_blank\" rel=\"noopener noreferrer\">Jubil\u00e4umsbrosch\u00fcre 100Jahre Elektra Genossenschaft K\u00fcnten (14MB)<\/a><\/p>\n","protected":false},"excerpt":{"rendered":"<p>\u00a0 Jubil\u00e4umsbrosch\u00fcre 100Jahre Elektra Genossenschaft K\u00fcnten (14MB)<\/p>\n","protected":false},"author":1,"featured_media":0,"parent":0,"menu_order":0,"comment_status":"closed","ping_status":"closed","template":"","meta":{"footnotes":""},"class_list":["post-396","page","type-page","status-publish","czr-hentry"],"_links":{"self":[{"href":"https:\/\/www.elektra-kuenten.ch\/index.php?rest_route=\/wp\/v2\/pages\/396","targetHints":{"allow":["GET"]}}],"collection":[{"href":"https:\/\/www.elektra-kuenten.ch\/index.php?rest_route=\/wp\/v2\/pages"}],"about":[{"href":"https:\/\/www.elektra-kuenten.ch\/index.php?rest_route=\/wp\/v2\/types\/page"}],"author":[{"embeddable":true,"href":"https:\/\/www.elektra-kuenten.ch\/index.php?rest_route=\/wp\/v2\/users\/1"}],"replies":[{"embeddable":true,"href":"https:\/\/www.elektra-kuenten.ch\/index.php?rest_route=%2Fwp%2Fv2%2Fcomments&post=396"}],"version-history":[{"count":16,"href":"https:\/\/www.elektra-kuenten.ch\/index.php?rest_route=\/wp\/v2\/pages\/396\/revisions"}],"predecessor-version":[{"id":1186,"href":"https:\/\/www.elektra-kuenten.ch\/index.php?rest_route=\/wp\/v2\/pages\/396\/revisions\/1186"}],"wp:attachment":[{"href":"https:\/\/www.elektra-kuenten.ch\/index.php?rest_route=%2Fwp%2Fv2%2Fmedia&parent=396"}],"curies":[{"name":"wp","href":"https:\/\/api.w.org\/{rel}","templated":true}]}}