{"id":41,"date":"2017-05-15T07:14:55","date_gmt":"2017-05-15T07:14:55","guid":{"rendered":"http:\/\/www.elektra-kuenten.ch\/elektra2017\/?page_id=41"},"modified":"2026-03-30T09:07:36","modified_gmt":"2026-03-30T09:07:36","slug":"stromkennzeichnung","status":"publish","type":"page","link":"https:\/\/www.elektra-kuenten.ch\/?page_id=41","title":{"rendered":"STROMKENNZEICHNUNG"},"content":{"rendered":"<p>Mit der Stromkennzeichnung (Strommix) wird die f\u00fcr Endverbraucher beschaffte Elektrizit\u00e4t f\u00fcr das vergangene Kalenderjahr betreffend Produktionsart (erneuerbare Energie, nicht erneuerbare Energie und nicht \u00fcberpr\u00fcfte Energie) sowie bez\u00fcglich Herkunft (Inland oder Ausland) deklariert. Die Angaben k\u00f6nnen den nachfolgenden\u00a0PDF-Dateien entnommen werden.<\/p>\n<p>&nbsp;<\/p>\n<p><a href=\"https:\/\/www.elektra-kuenten.ch\/wp-content\/uploads\/2025\/03\/2024_Stromkennzeichnung-EG-Kuenten.pdf\"><img decoding=\"async\" src=\"https:\/\/www.elektra-kuenten.ch\/wp-content\/uploads\/2017\/07\/pdf30.png\" \/> <\/a><a href=\"https:\/\/www.elektra-kuenten.ch\/wp-content\/uploads\/2026\/03\/2025_Stromkennzeichnung-EG-Kuenten-A4.pdf\">Stromkennzeichnung 2025<\/a><\/p>\n<p><img decoding=\"async\" src=\"https:\/\/www.elektra-kuenten.ch\/wp-content\/uploads\/2017\/07\/pdf30.png\" \/> <a href=\"https:\/\/www.elektra-kuenten.ch\/wp-content\/uploads\/2025\/03\/2024_Stromkennzeichnung-EG-Kuenten.pdf\">Stromkennzeichnung 2024<\/a><\/p>\n<p><img decoding=\"async\" src=\"https:\/\/www.elektra-kuenten.ch\/wp-content\/uploads\/2017\/07\/pdf30.png\" \/> <a href=\"https:\/\/www.elektra-kuenten.ch\/wp-content\/uploads\/2024\/03\/2023_Stromkennzeichnung-EG-Kuenten.pdf\" target=\"_blank\" rel=\"noopener\">Stromkennzeichnung 2023<\/a><\/p>\n<p><a href=\"https:\/\/www.elektra-kuenten.ch\/wp-content\/uploads\/2017\/06\/stromkennzeichnung_2015.pdf\" target=\"_blank\" rel=\"noopener noreferrer\"><img loading=\"lazy\" decoding=\"async\" class=\"alignnone size-full wp-image-657\" src=\"https:\/\/www.elektra-kuenten.ch\/wp-content\/uploads\/2017\/07\/pdf30.png\" alt=\"\" width=\"33\" height=\"42\" \/> <\/a><a href=\"https:\/\/www.elektra-kuenten.ch\/wp-content\/uploads\/2023\/05\/2022_Stromkennzeichnung-EG-Kuenten.pdf\">Stromkennzeichnung 2022<\/a><\/p>\n<p><a href=\"https:\/\/www.elektra-kuenten.ch\/wp-content\/uploads\/2017\/06\/stromkennzeichnung_2015.pdf\" target=\"_blank\" rel=\"noopener noreferrer\"><img loading=\"lazy\" decoding=\"async\" class=\"alignnone size-full wp-image-657\" src=\"https:\/\/www.elektra-kuenten.ch\/wp-content\/uploads\/2017\/07\/pdf30.png\" alt=\"\" width=\"33\" height=\"42\" \/><\/a> <a href=\"https:\/\/www.elektra-kuenten.ch\/wp-content\/uploads\/2022\/06\/2021_Stromkennzeichnung-EG-Kuenten.pdf\">Stromkennzeichnung 2021<\/a><\/p>\n<p>&nbsp;<\/p>\n<p>&nbsp;<\/p>\n<p>&nbsp;<\/p>\n<p>&nbsp;<\/p>\n<p>&nbsp;<\/p>\n<p>&nbsp;<\/p>\n","protected":false},"excerpt":{"rendered":"<p>Mit der Stromkennzeichnung (Strommix) wird die f\u00fcr Endverbraucher beschaffte Elektrizit\u00e4t f\u00fcr das vergangene Kalenderjahr betreffend Produktionsart (erneuerbare Energie, nicht erneuerbare Energie und nicht \u00fcberpr\u00fcfte Energie) sowie bez\u00fcglich Herkunft (Inland oder Ausland) deklariert. Die Angaben k\u00f6nnen den nachfolgenden\u00a0PDF-Dateien entnommen werden. &nbsp; Stromkennzeichnung 2025 Stromkennzeichnung 2024 Stromkennzeichnung 2023 Stromkennzeichnung 2022 Stromkennzeichnung 2021 &nbsp; &nbsp; &nbsp; &nbsp; &nbsp; [&hellip;]<\/p>\n","protected":false},"author":1,"featured_media":0,"parent":0,"menu_order":0,"comment_status":"closed","ping_status":"closed","template":"","meta":{"footnotes":""},"class_list":["post-41","page","type-page","status-publish","czr-hentry"],"_links":{"self":[{"href":"https:\/\/www.elektra-kuenten.ch\/index.php?rest_route=\/wp\/v2\/pages\/41","targetHints":{"allow":["GET"]}}],"collection":[{"href":"https:\/\/www.elektra-kuenten.ch\/index.php?rest_route=\/wp\/v2\/pages"}],"about":[{"href":"https:\/\/www.elektra-kuenten.ch\/index.php?rest_route=\/wp\/v2\/types\/page"}],"author":[{"embeddable":true,"href":"https:\/\/www.elektra-kuenten.ch\/index.php?rest_route=\/wp\/v2\/users\/1"}],"replies":[{"embeddable":true,"href":"https:\/\/www.elektra-kuenten.ch\/index.php?rest_route=%2Fwp%2Fv2%2Fcomments&post=41"}],"version-history":[{"count":49,"href":"https:\/\/www.elektra-kuenten.ch\/index.php?rest_route=\/wp\/v2\/pages\/41\/revisions"}],"predecessor-version":[{"id":1598,"href":"https:\/\/www.elektra-kuenten.ch\/index.php?rest_route=\/wp\/v2\/pages\/41\/revisions\/1598"}],"wp:attachment":[{"href":"https:\/\/www.elektra-kuenten.ch\/index.php?rest_route=%2Fwp%2Fv2%2Fmedia&parent=41"}],"curies":[{"name":"wp","href":"https:\/\/api.w.org\/{rel}","templated":true}]}}