{"id":45,"date":"2017-05-15T07:15:23","date_gmt":"2017-05-15T07:15:23","guid":{"rendered":"http:\/\/www.elektra-kuenten.ch\/elektra2017\/?page_id=45"},"modified":"2022-08-31T09:15:56","modified_gmt":"2022-08-31T09:15:56","slug":"unternehmung","status":"publish","type":"page","link":"https:\/\/www.elektra-kuenten.ch\/?page_id=45","title":{"rendered":"UNTERNEHMUNG"},"content":{"rendered":"<p>Die Elektra-Genossenschaft K\u00fcnten (EGK) wurde im Jahre 1911 gegr\u00fcndet. Sie ist eine privatrechtliche, im Handelsregister eingetragene Gesellschaft, die die Energiebez\u00fcger auf dem Gemeindegebiet K\u00fcnten mit elektrischer Energie versorgt.<\/p>\n<p>Der Verband Aargauischer Stromkonsumenten (VAS) z\u00e4hlt die Elektra-Genossenschaft K\u00fcnten zu seinen Mitgliedern.<\/p>\n<p>Seit Juni 1998 ist die EGK auch Mitglied des ENERGIE-Pool Rohrdorferberg (EPR). Die Mitglieder des EPR bezwecken die St\u00e4rkung durch gemeinschaftliche, kosteng\u00fcnstige Beschaffung von leistungsgebundener Energie, Verbesserung der Auslastung ihrer Infrastruktur durch deren rationelle Nutzung, sowie den Betrieb eines gemeinsamen Kompetenzzentrums zur Beratung der Verbraucher im Hinblick auf eine sinnvolle Energienutzung.<\/p>\n<p>Das Unternehmen Elektra-Genossenschaft K\u00fcnten wird nach kaufm\u00e4nnischen Grunds\u00e4tzen gef\u00fchrt. Die Verwaltung ist bestrebt, Sie zu g\u00fcnstigen Bedingungen mit umweltgerecht erzeugtem Strom zu versorgen.<\/p>\n<p><img loading=\"lazy\" decoding=\"async\" class=\"alignnone size-full wp-image-657\" src=\"https:\/\/www.elektra-kuenten.ch\/wp-content\/uploads\/2017\/07\/pdf30.png\" alt=\"\" width=\"33\" height=\"42\" \/>\u00a0<a href=\"https:\/\/www.elektra-kuenten.ch\/wp-content\/uploads\/2017\/08\/broschuere_100Jahre_EGK.pdf\" target=\"_blank\" rel=\"noopener\">Jubil\u00e4umsbrosch\u00fcre 100 Jahre Elektra Genossenschaft K\u00fcnten (14MB)<\/a><\/p>\n","protected":false},"excerpt":{"rendered":"<p>Die Elektra-Genossenschaft K\u00fcnten (EGK) wurde im Jahre 1911 gegr\u00fcndet. Sie ist eine privatrechtliche, im Handelsregister eingetragene Gesellschaft, die die Energiebez\u00fcger auf dem Gemeindegebiet K\u00fcnten mit elektrischer Energie versorgt. Der Verband Aargauischer Stromkonsumenten (VAS) z\u00e4hlt die Elektra-Genossenschaft K\u00fcnten zu seinen Mitgliedern. Seit Juni 1998 ist die EGK auch Mitglied des ENERGIE-Pool Rohrdorferberg (EPR). Die Mitglieder des [&hellip;]<\/p>\n","protected":false},"author":1,"featured_media":0,"parent":0,"menu_order":0,"comment_status":"closed","ping_status":"closed","template":"","meta":{"footnotes":""},"class_list":["post-45","page","type-page","status-publish","czr-hentry"],"_links":{"self":[{"href":"https:\/\/www.elektra-kuenten.ch\/index.php?rest_route=\/wp\/v2\/pages\/45","targetHints":{"allow":["GET"]}}],"collection":[{"href":"https:\/\/www.elektra-kuenten.ch\/index.php?rest_route=\/wp\/v2\/pages"}],"about":[{"href":"https:\/\/www.elektra-kuenten.ch\/index.php?rest_route=\/wp\/v2\/types\/page"}],"author":[{"embeddable":true,"href":"https:\/\/www.elektra-kuenten.ch\/index.php?rest_route=\/wp\/v2\/users\/1"}],"replies":[{"embeddable":true,"href":"https:\/\/www.elektra-kuenten.ch\/index.php?rest_route=%2Fwp%2Fv2%2Fcomments&post=45"}],"version-history":[{"count":9,"href":"https:\/\/www.elektra-kuenten.ch\/index.php?rest_route=\/wp\/v2\/pages\/45\/revisions"}],"predecessor-version":[{"id":1340,"href":"https:\/\/www.elektra-kuenten.ch\/index.php?rest_route=\/wp\/v2\/pages\/45\/revisions\/1340"}],"wp:attachment":[{"href":"https:\/\/www.elektra-kuenten.ch\/index.php?rest_route=%2Fwp%2Fv2%2Fmedia&parent=45"}],"curies":[{"name":"wp","href":"https:\/\/api.w.org\/{rel}","templated":true}]}}