{"id":463,"date":"2017-06-07T13:24:35","date_gmt":"2017-06-07T13:24:35","guid":{"rendered":"http:\/\/www.elektra-kuenten.ch\/elektra2017\/?page_id=463"},"modified":"2018-06-07T07:18:47","modified_gmt":"2018-06-07T07:18:47","slug":"neu-und-umbauten","status":"publish","type":"page","link":"https:\/\/www.elektra-kuenten.ch\/?page_id=463","title":{"rendered":"NEU- UND UMBAUTEN"},"content":{"rendered":"<p>Vor der \u00dcbergabe der elektrischen Installationen an den\/die Eigent\u00fcmer\/in muss die Elektroinstallationsfirma eine Schlusskontrolle durchf\u00fchren und in einem Sicherheitsnachweis (SiNa) mit Mess- und Pr\u00fcfprotokoll die Ergebnisse der Kontrolle festhalten. Das Original ist wie bei der periodischen Kontrolle durch den\/die Eigent\u00fcmer\/in aufzubewahren und eine Kopie der ELEKTRA-Genossenschaft K\u00fcnten zuzustellen.<\/p>\n<ul>\n<li>Bei Wohnbauten mit einer <strong>Kontrollperiode von 20 Jahren<\/strong> darf die Schlusskontrolle und die Erstellung des Sicherheitsnachweises durch den beteiligten Elektroinstallateur erledigt werden.<\/li>\n<li>Bei Installationen mit einer <strong>Kontrollperiode von weniger als 20 Jahren<\/strong> ist der\/die Eigent\u00fcmer\/in zudem verpflichtet, nach der \u00dcbernahme der Installationen innerhalb von sechs Monaten eine unabh\u00e4ngige Abnahmekontrolle durch ein berechtigtes Kontrollorgan durchf\u00fchren zu lassen.<\/li>\n<\/ul>\n<p><a href=\"https:\/\/verzeichnisse.esti.ch\/de\/aikb\/\" target=\"_blank\" rel=\"noopener noreferrer\">Suche von allgemeinen Installations- und Kontrollbewilligungen (ESTI)<\/a><\/p>\n","protected":false},"excerpt":{"rendered":"<p>Vor der \u00dcbergabe der elektrischen Installationen an den\/die Eigent\u00fcmer\/in muss die Elektroinstallationsfirma eine Schlusskontrolle durchf\u00fchren und in einem Sicherheitsnachweis (SiNa) mit Mess- und Pr\u00fcfprotokoll die Ergebnisse der Kontrolle festhalten. Das Original ist wie bei der periodischen Kontrolle durch den\/die Eigent\u00fcmer\/in aufzubewahren und eine Kopie der ELEKTRA-Genossenschaft K\u00fcnten zuzustellen. Bei Wohnbauten mit einer Kontrollperiode von 20 [&hellip;]<\/p>\n","protected":false},"author":1,"featured_media":0,"parent":0,"menu_order":0,"comment_status":"closed","ping_status":"closed","template":"","meta":{"footnotes":""},"class_list":["post-463","page","type-page","status-publish","czr-hentry"],"_links":{"self":[{"href":"https:\/\/www.elektra-kuenten.ch\/index.php?rest_route=\/wp\/v2\/pages\/463","targetHints":{"allow":["GET"]}}],"collection":[{"href":"https:\/\/www.elektra-kuenten.ch\/index.php?rest_route=\/wp\/v2\/pages"}],"about":[{"href":"https:\/\/www.elektra-kuenten.ch\/index.php?rest_route=\/wp\/v2\/types\/page"}],"author":[{"embeddable":true,"href":"https:\/\/www.elektra-kuenten.ch\/index.php?rest_route=\/wp\/v2\/users\/1"}],"replies":[{"embeddable":true,"href":"https:\/\/www.elektra-kuenten.ch\/index.php?rest_route=%2Fwp%2Fv2%2Fcomments&post=463"}],"version-history":[{"count":2,"href":"https:\/\/www.elektra-kuenten.ch\/index.php?rest_route=\/wp\/v2\/pages\/463\/revisions"}],"predecessor-version":[{"id":988,"href":"https:\/\/www.elektra-kuenten.ch\/index.php?rest_route=\/wp\/v2\/pages\/463\/revisions\/988"}],"wp:attachment":[{"href":"https:\/\/www.elektra-kuenten.ch\/index.php?rest_route=%2Fwp%2Fv2%2Fmedia&parent=463"}],"curies":[{"name":"wp","href":"https:\/\/api.w.org\/{rel}","templated":true}]}}