{"id":466,"date":"2017-06-07T13:26:24","date_gmt":"2017-06-07T13:26:24","guid":{"rendered":"http:\/\/www.elektra-kuenten.ch\/elektra2017\/?page_id=466"},"modified":"2018-06-07T15:54:41","modified_gmt":"2018-06-07T15:54:41","slug":"ausfuehrung-period-kontrollen","status":"publish","type":"page","link":"https:\/\/www.elektra-kuenten.ch\/?page_id=466","title":{"rendered":"AUSF\u00dcHRUNG PERIOD. KONTROLLEN"},"content":{"rendered":"<p>Sie erhalten im Auftrag der ELEKTRA-Genossenschaft von <strong>Wey &amp; Burkard Elektroberatung, Hermetschwil<\/strong>, ein Aufgebot f\u00fcr die periodische Kontrolle der Hausinstallation. In diesem Fall \u00fcbernimmt die ELEKTRA-Genossenschaft K\u00fcnten die Kosten der Kontrolle.<\/p>\n<p>Wenn Sie die Kontrolle nicht durch Wey &amp; Burkard ausf\u00fchren lassen wollen, so m\u00fcssen Sie auf eigene Kosten ein unabh\u00e4ngiges Kontrollorgan beauftragen, gem\u00e4ss Eidg. Starkstrominspektorat (ESTI).<\/p>\n<p>Das Original des Sicherheitsnachweises ist durch den\/die Eigent\u00fcmer\/in aufzubewahren und eine Kopie der ELEKTRA-Genossenschaft K\u00fcnten umgehend zuzustellen.<\/p>\n<p><a href=\"https:\/\/verzeichnisse.esti.ch\/de\/aikb\/\" target=\"_blank\" rel=\"noopener noreferrer\">Suche von allgemeinen Installations- und Kontrollbewilligungen (ESTI)<\/a><\/p>\n<p><a href=\"http:\/\/www.elektroberatung.ch\/\" target=\"_blank\" rel=\"noopener noreferrer\">Wey &amp; Burkard Elektroberatung<\/a><\/p>\n","protected":false},"excerpt":{"rendered":"<p>Sie erhalten im Auftrag der ELEKTRA-Genossenschaft von Wey &amp; Burkard Elektroberatung, Hermetschwil, ein Aufgebot f\u00fcr die periodische Kontrolle der Hausinstallation. In diesem Fall \u00fcbernimmt die ELEKTRA-Genossenschaft K\u00fcnten die Kosten der Kontrolle. Wenn Sie die Kontrolle nicht durch Wey &amp; Burkard ausf\u00fchren lassen wollen, so m\u00fcssen Sie auf eigene Kosten ein unabh\u00e4ngiges Kontrollorgan beauftragen, gem\u00e4ss Eidg. [&hellip;]<\/p>\n","protected":false},"author":1,"featured_media":0,"parent":0,"menu_order":0,"comment_status":"closed","ping_status":"closed","template":"","meta":{"footnotes":""},"class_list":["post-466","page","type-page","status-publish","czr-hentry"],"_links":{"self":[{"href":"https:\/\/www.elektra-kuenten.ch\/index.php?rest_route=\/wp\/v2\/pages\/466","targetHints":{"allow":["GET"]}}],"collection":[{"href":"https:\/\/www.elektra-kuenten.ch\/index.php?rest_route=\/wp\/v2\/pages"}],"about":[{"href":"https:\/\/www.elektra-kuenten.ch\/index.php?rest_route=\/wp\/v2\/types\/page"}],"author":[{"embeddable":true,"href":"https:\/\/www.elektra-kuenten.ch\/index.php?rest_route=\/wp\/v2\/users\/1"}],"replies":[{"embeddable":true,"href":"https:\/\/www.elektra-kuenten.ch\/index.php?rest_route=%2Fwp%2Fv2%2Fcomments&post=466"}],"version-history":[{"count":2,"href":"https:\/\/www.elektra-kuenten.ch\/index.php?rest_route=\/wp\/v2\/pages\/466\/revisions"}],"predecessor-version":[{"id":1021,"href":"https:\/\/www.elektra-kuenten.ch\/index.php?rest_route=\/wp\/v2\/pages\/466\/revisions\/1021"}],"wp:attachment":[{"href":"https:\/\/www.elektra-kuenten.ch\/index.php?rest_route=%2Fwp%2Fv2%2Fmedia&parent=466"}],"curies":[{"name":"wp","href":"https:\/\/api.w.org\/{rel}","templated":true}]}}