{"id":469,"date":"2017-06-07T13:29:17","date_gmt":"2017-06-07T13:29:17","guid":{"rendered":"http:\/\/www.elektra-kuenten.ch\/elektra2017\/?page_id=469"},"modified":"2017-07-13T15:01:01","modified_gmt":"2017-07-13T15:01:01","slug":"gesetzliche-grundlagen","status":"publish","type":"page","link":"https:\/\/www.elektra-kuenten.ch\/?page_id=469","title":{"rendered":"GESETZLICHE GRUNDLAGEN"},"content":{"rendered":"<p>Gesetzliche Grundlagen<br \/>\nDie Verordnung\u00a0[734.27] \u00fcber elektrische Niederspannungsinstallationen verpflichtet Eigent\u00fcmer, ihre Installationen nach der Erstellung und dann in festgelegten Abst\u00e4nden \u00fcberpr\u00fcfen zu lassen. Die entsprechenden Sicherheitsnachweise (SiNa) m\u00fcssen von den Eigent\u00fcmern aufbewahrt werden.<\/p>\n<p>Neue Installationen m\u00fcssen vor der \u00dcbergabe an den\/die Eigent\u00fcmer\/in durch den Installateur \u00fcberpr\u00fcft werden. Er h\u00e4lt die Ergebnisse in einem Sicherheitsnachweis (SiNa) fest. Bei Installationen mit einer Kontrollperiode von weniger als 20 Jahren ist der\/die Eigen-t\u00fcmer\/in zudem verpflichtet, nach der \u00dcbernahme der Installationen innerhalb von sechs Monaten eine unabh\u00e4ngige Abnahmekontrolle durchf\u00fchren zu lassen.<\/p>\n<p>Bestehende Installationen m\u00fcssen in festgelegten Abst\u00e4nden von einem unabh\u00e4ngigen Kontrollorgan oder von einer akkreditierten Inspektionsstelle gepr\u00fcft werden.<\/p>\n<p><a href=\"https:\/\/www.admin.ch\/opc\/de\/classified-compilation\/20012238\/index.html\" target=\"_blank\" rel=\"noopener noreferrer\">Niederspannungs-Installationsverordnung 734.27<\/a><br \/>\n<a href=\"https:\/\/www.esti.admin.ch\/de\/esti-startseite\/\" target=\"_blank\" rel=\"noopener noreferrer\">\u00dcbersicht esti.admin.ch<\/a><\/p>\n","protected":false},"excerpt":{"rendered":"<p>Gesetzliche Grundlagen Die Verordnung\u00a0[734.27] \u00fcber elektrische Niederspannungsinstallationen verpflichtet Eigent\u00fcmer, ihre Installationen nach der Erstellung und dann in festgelegten Abst\u00e4nden \u00fcberpr\u00fcfen zu lassen. Die entsprechenden Sicherheitsnachweise (SiNa) m\u00fcssen von den Eigent\u00fcmern aufbewahrt werden. Neue Installationen m\u00fcssen vor der \u00dcbergabe an den\/die Eigent\u00fcmer\/in durch den Installateur \u00fcberpr\u00fcft werden. Er h\u00e4lt die Ergebnisse in einem Sicherheitsnachweis (SiNa) fest. [&hellip;]<\/p>\n","protected":false},"author":1,"featured_media":0,"parent":0,"menu_order":0,"comment_status":"closed","ping_status":"closed","template":"","meta":{"footnotes":""},"class_list":["post-469","page","type-page","status-publish","czr-hentry"],"_links":{"self":[{"href":"https:\/\/www.elektra-kuenten.ch\/index.php?rest_route=\/wp\/v2\/pages\/469","targetHints":{"allow":["GET"]}}],"collection":[{"href":"https:\/\/www.elektra-kuenten.ch\/index.php?rest_route=\/wp\/v2\/pages"}],"about":[{"href":"https:\/\/www.elektra-kuenten.ch\/index.php?rest_route=\/wp\/v2\/types\/page"}],"author":[{"embeddable":true,"href":"https:\/\/www.elektra-kuenten.ch\/index.php?rest_route=\/wp\/v2\/users\/1"}],"replies":[{"embeddable":true,"href":"https:\/\/www.elektra-kuenten.ch\/index.php?rest_route=%2Fwp%2Fv2%2Fcomments&post=469"}],"version-history":[{"count":2,"href":"https:\/\/www.elektra-kuenten.ch\/index.php?rest_route=\/wp\/v2\/pages\/469\/revisions"}],"predecessor-version":[{"id":732,"href":"https:\/\/www.elektra-kuenten.ch\/index.php?rest_route=\/wp\/v2\/pages\/469\/revisions\/732"}],"wp:attachment":[{"href":"https:\/\/www.elektra-kuenten.ch\/index.php?rest_route=%2Fwp%2Fv2%2Fmedia&parent=469"}],"curies":[{"name":"wp","href":"https:\/\/api.w.org\/{rel}","templated":true}]}}