{"id":504,"date":"2017-06-07T14:49:23","date_gmt":"2017-06-07T14:49:23","guid":{"rendered":"http:\/\/www.elektra-kuenten.ch\/elektra2017\/?page_id=504"},"modified":"2022-08-31T08:55:46","modified_gmt":"2022-08-31T08:55:46","slug":"archiv-news-2017","status":"publish","type":"page","link":"https:\/\/www.elektra-kuenten.ch\/?page_id=504","title":{"rendered":"ARCHIV 2017"},"content":{"rendered":"<p><strong>E-Rechnungen<br \/>\n<\/strong>Seit Herbst 2017 bieten wir E-Rechnungen an.<br \/>\nE-Rechnung steht kurz f\u00fcr \u00abelektronische Rechnung\u00bb. E-Rechnungen empfangen Sie dort, wo Sie diese bezahlen \u2013 direkt in Ihrem E-Banking. Die E-Rechnung ist bequem. Das Abtippen der langen Referenznummer im E-Banking entf\u00e4llt.<strong><br \/>\n<\/strong>Sie k\u00f6nnen sich \u00fcber Ihr E-Banking oder Postfinance registrieren lassen, sodass Sie bei der n\u00e4chsten Rechnungsstellung Ihre Rechnung bequem online via E-Banking\/Postfinance erhalten, die Postzustellung f\u00e4llt weg.<strong><br \/>\n<\/strong><\/p>\n<p>31.12.2017<\/p>\n","protected":false},"excerpt":{"rendered":"<p>E-Rechnungen Seit Herbst 2017 bieten wir E-Rechnungen an. E-Rechnung steht kurz f\u00fcr \u00abelektronische Rechnung\u00bb. E-Rechnungen empfangen Sie dort, wo Sie diese bezahlen \u2013 direkt in Ihrem E-Banking. Die E-Rechnung ist bequem. Das Abtippen der langen Referenznummer im E-Banking entf\u00e4llt. Sie k\u00f6nnen sich \u00fcber Ihr E-Banking oder Postfinance registrieren lassen, sodass Sie bei der n\u00e4chsten Rechnungsstellung [&hellip;]<\/p>\n","protected":false},"author":1,"featured_media":0,"parent":0,"menu_order":0,"comment_status":"closed","ping_status":"closed","template":"","meta":{"footnotes":""},"class_list":["post-504","page","type-page","status-publish","czr-hentry"],"_links":{"self":[{"href":"https:\/\/www.elektra-kuenten.ch\/index.php?rest_route=\/wp\/v2\/pages\/504","targetHints":{"allow":["GET"]}}],"collection":[{"href":"https:\/\/www.elektra-kuenten.ch\/index.php?rest_route=\/wp\/v2\/pages"}],"about":[{"href":"https:\/\/www.elektra-kuenten.ch\/index.php?rest_route=\/wp\/v2\/types\/page"}],"author":[{"embeddable":true,"href":"https:\/\/www.elektra-kuenten.ch\/index.php?rest_route=\/wp\/v2\/users\/1"}],"replies":[{"embeddable":true,"href":"https:\/\/www.elektra-kuenten.ch\/index.php?rest_route=%2Fwp%2Fv2%2Fcomments&post=504"}],"version-history":[{"count":3,"href":"https:\/\/www.elektra-kuenten.ch\/index.php?rest_route=\/wp\/v2\/pages\/504\/revisions"}],"predecessor-version":[{"id":1326,"href":"https:\/\/www.elektra-kuenten.ch\/index.php?rest_route=\/wp\/v2\/pages\/504\/revisions\/1326"}],"wp:attachment":[{"href":"https:\/\/www.elektra-kuenten.ch\/index.php?rest_route=%2Fwp%2Fv2%2Fmedia&parent=504"}],"curies":[{"name":"wp","href":"https:\/\/api.w.org\/{rel}","templated":true}]}}