{"id":513,"date":"2017-06-07T14:50:12","date_gmt":"2017-06-07T14:50:12","guid":{"rendered":"http:\/\/www.elektra-kuenten.ch\/elektra2017\/?page_id=513"},"modified":"2017-08-28T13:56:09","modified_gmt":"2017-08-28T13:56:09","slug":"archiv-news-2014","status":"publish","type":"page","link":"https:\/\/www.elektra-kuenten.ch\/?page_id=513","title":{"rendered":"ARCHIV 2014"},"content":{"rendered":"<p><strong>Einf\u00fchrung von Allgemeinen Gesch\u00e4ftsbedingungen (AGB)<br \/>\n<\/strong>An unserer Generalversammung vom 11. April 2014 wurde die Einf\u00fchrung der neuen Allgemeinen Gesch\u00e4ftsbedingungen (AGB-2014) zugestimmt.<\/p>\n<p>Mit diesen AGB treten somit auch die Beitragsordnung (BONN-2014) sowie die Verordnung f\u00fcr Energie-Erzeugungs-Anlagen (EEA-2014) ab 11.04.2014 in Kraft.<\/p>\n<p>Diese Dokumente k\u00f6nnen unter <a href=\"https:\/\/www.elektra-kuenten.ch\/?page_id=390\">DOWNLOAD \/ AGB, RICHTLINIEN<\/a> heruntergeladen werden.<\/p>\n<p>29.04.2014<\/p>\n","protected":false},"excerpt":{"rendered":"<p>Einf\u00fchrung von Allgemeinen Gesch\u00e4ftsbedingungen (AGB) An unserer Generalversammung vom 11. April 2014 wurde die Einf\u00fchrung der neuen Allgemeinen Gesch\u00e4ftsbedingungen (AGB-2014) zugestimmt. Mit diesen AGB treten somit auch die Beitragsordnung (BONN-2014) sowie die Verordnung f\u00fcr Energie-Erzeugungs-Anlagen (EEA-2014) ab 11.04.2014 in Kraft. Diese Dokumente k\u00f6nnen unter DOWNLOAD \/ AGB, RICHTLINIEN heruntergeladen werden. 29.04.2014<\/p>\n","protected":false},"author":1,"featured_media":0,"parent":0,"menu_order":0,"comment_status":"closed","ping_status":"closed","template":"","meta":{"footnotes":""},"class_list":["post-513","page","type-page","status-publish","czr-hentry"],"_links":{"self":[{"href":"https:\/\/www.elektra-kuenten.ch\/index.php?rest_route=\/wp\/v2\/pages\/513","targetHints":{"allow":["GET"]}}],"collection":[{"href":"https:\/\/www.elektra-kuenten.ch\/index.php?rest_route=\/wp\/v2\/pages"}],"about":[{"href":"https:\/\/www.elektra-kuenten.ch\/index.php?rest_route=\/wp\/v2\/types\/page"}],"author":[{"embeddable":true,"href":"https:\/\/www.elektra-kuenten.ch\/index.php?rest_route=\/wp\/v2\/users\/1"}],"replies":[{"embeddable":true,"href":"https:\/\/www.elektra-kuenten.ch\/index.php?rest_route=%2Fwp%2Fv2%2Fcomments&post=513"}],"version-history":[{"count":7,"href":"https:\/\/www.elektra-kuenten.ch\/index.php?rest_route=\/wp\/v2\/pages\/513\/revisions"}],"predecessor-version":[{"id":802,"href":"https:\/\/www.elektra-kuenten.ch\/index.php?rest_route=\/wp\/v2\/pages\/513\/revisions\/802"}],"wp:attachment":[{"href":"https:\/\/www.elektra-kuenten.ch\/index.php?rest_route=%2Fwp%2Fv2%2Fmedia&parent=513"}],"curies":[{"name":"wp","href":"https:\/\/api.w.org\/{rel}","templated":true}]}}