{"id":583,"date":"2017-06-12T08:43:18","date_gmt":"2017-06-12T08:43:18","guid":{"rendered":"http:\/\/www.elektra-kuenten.ch\/elektra2017\/?page_id=583"},"modified":"2017-10-17T06:45:10","modified_gmt":"2017-10-17T06:45:10","slug":"archiv-20111","status":"publish","type":"page","link":"https:\/\/www.elektra-kuenten.ch\/?page_id=583","title":{"rendered":"ARCHIV 2011"},"content":{"rendered":"<p>Fotos Tag der offenen T\u00fcr 21. Mai 2011<\/p>\n<p>Fotos Jubil\u00e4ums GV 04. Juni 2011<\/p>\n<p><a href=\"https:\/\/www.elektra-kuenten.ch\/wp-content\/uploads\/2017\/08\/broschuere_100Jahre_EGK.pdf\" target=\"_blank\" rel=\"noopener\"><img loading=\"lazy\" decoding=\"async\" class=\"alignnone size-full wp-image-657\" src=\"https:\/\/www.elektra-kuenten.ch\/wp-content\/uploads\/2017\/07\/pdf30.png\" alt=\"\" width=\"33\" height=\"42\" \/><\/a>\u00a0 <a href=\"https:\/\/www.elektra-kuenten.ch\/wp-content\/uploads\/2017\/08\/broschuere_100Jahre_EGK.pdf\" target=\"_blank\" rel=\"noopener\">Jubil\u00e4umsbrosch\u00fcre 100 Jahre Elektra-Genossenschaft K\u00fcnten (14MB)<\/a><\/p>\n<p><strong>100 Jahre Elektra-Genossenschaft K\u00fcnten<\/strong><br \/>\nDie Elektra-Genossenschaft K\u00fcnten feiert dieses Jahr ihren 100. Geburtstag.<br \/>\nAm Samstag, 21. Mai 2011 werden wir einen Publikumsanlass in K\u00fcnten veranstalten, zudem die ganze K\u00fcnter Bev\u00f6lkerung eingeladen ist.<br \/>\nDie Jubil\u00e4ums-GV findet am Samstag, 04. Juni 2011 in der Mehrzweckhalle in K\u00fcnten statt.<br \/>\nZum Anlass des 100-Jahr Jubil\u00e4um haben wir uns ein neues Erscheinungslogo gegeben. Das neue Logo kommt frisch und dynamisch daher und soll ein gutes Erkennungsmerkmal darstellen.<\/p>\n<p>28.02.11<\/p>\n<p>&nbsp;<\/p>\n","protected":false},"excerpt":{"rendered":"<p>Fotos Tag der offenen T\u00fcr 21. Mai 2011 Fotos Jubil\u00e4ums GV 04. Juni 2011 \u00a0 Jubil\u00e4umsbrosch\u00fcre 100 Jahre Elektra-Genossenschaft K\u00fcnten (14MB) 100 Jahre Elektra-Genossenschaft K\u00fcnten Die Elektra-Genossenschaft K\u00fcnten feiert dieses Jahr ihren 100. Geburtstag. Am Samstag, 21. Mai 2011 werden wir einen Publikumsanlass in K\u00fcnten veranstalten, zudem die ganze K\u00fcnter Bev\u00f6lkerung eingeladen ist. Die Jubil\u00e4ums-GV [&hellip;]<\/p>\n","protected":false},"author":1,"featured_media":0,"parent":0,"menu_order":0,"comment_status":"closed","ping_status":"closed","template":"","meta":{"footnotes":""},"class_list":["post-583","page","type-page","status-publish","czr-hentry"],"_links":{"self":[{"href":"https:\/\/www.elektra-kuenten.ch\/index.php?rest_route=\/wp\/v2\/pages\/583","targetHints":{"allow":["GET"]}}],"collection":[{"href":"https:\/\/www.elektra-kuenten.ch\/index.php?rest_route=\/wp\/v2\/pages"}],"about":[{"href":"https:\/\/www.elektra-kuenten.ch\/index.php?rest_route=\/wp\/v2\/types\/page"}],"author":[{"embeddable":true,"href":"https:\/\/www.elektra-kuenten.ch\/index.php?rest_route=\/wp\/v2\/users\/1"}],"replies":[{"embeddable":true,"href":"https:\/\/www.elektra-kuenten.ch\/index.php?rest_route=%2Fwp%2Fv2%2Fcomments&post=583"}],"version-history":[{"count":30,"href":"https:\/\/www.elektra-kuenten.ch\/index.php?rest_route=\/wp\/v2\/pages\/583\/revisions"}],"predecessor-version":[{"id":915,"href":"https:\/\/www.elektra-kuenten.ch\/index.php?rest_route=\/wp\/v2\/pages\/583\/revisions\/915"}],"wp:attachment":[{"href":"https:\/\/www.elektra-kuenten.ch\/index.php?rest_route=%2Fwp%2Fv2%2Fmedia&parent=583"}],"curies":[{"name":"wp","href":"https:\/\/api.w.org\/{rel}","templated":true}]}}